{"id":1630,"date":"2022-08-15T19:36:00","date_gmt":"2022-08-15T17:36:00","guid":{"rendered":"https:\/\/mediasupply.zelantic.com\/jak-to-funguje\/"},"modified":"2026-02-09T08:18:26","modified_gmt":"2026-02-09T07:18:26","slug":"jak-to-funguje","status":"publish","type":"page","link":"https:\/\/mediasupply.eu\/cs\/jak-to-funguje\/","title":{"rendered":"Jak to funguje"},"content":{"rendered":"\t\t<div data-elementor-type=\"wp-page\" data-elementor-id=\"1630\" class=\"elementor elementor-1630 elementor-62\" data-elementor-post-type=\"page\">\n\t\t\t\t<div class=\"elementor-element elementor-element-f8aa732 e-flex e-con-boxed e-con e-parent\" data-id=\"f8aa732\" data-element_type=\"container\">\n\t\t\t\t\t<div class=\"e-con-inner\">\n\t\t\t\t<div class=\"elementor-element elementor-element-7106bcb elementor-widget elementor-widget-heading\" data-id=\"7106bcb\" data-element_type=\"widget\" data-widget_type=\"heading.default\">\n\t\t\t\t<div class=\"elementor-widget-container\">\n\t\t\t\t\t<h2 class=\"elementor-heading-title elementor-size-default\">Snadn\u00e1 instalace.<\/h2>\t\t\t\t<\/div>\n\t\t\t\t<\/div>\n\t\t\t\t<div class=\"elementor-element elementor-element-a8de21d elementor-widget elementor-widget-heading\" data-id=\"a8de21d\" data-element_type=\"widget\" data-widget_type=\"heading.default\">\n\t\t\t\t<div class=\"elementor-widget-container\">\n\t\t\t\t\t<h2 class=\"elementor-heading-title elementor-size-default\">Krok za krokem<\/h2>\t\t\t\t<\/div>\n\t\t\t\t<\/div>\n\t\t\t\t\t<\/div>\n\t\t\t\t<\/div>\n\t\t<div class=\"elementor-element elementor-element-4bfa9ea e-flex e-con-boxed e-con e-parent\" data-id=\"4bfa9ea\" data-element_type=\"container\" data-settings=\"{&quot;background_background&quot;:&quot;classic&quot;}\">\n\t\t\t\t\t<div class=\"e-con-inner\">\n\t\t<div class=\"elementor-element elementor-element-260b016 e-con-full e-flex e-con e-child\" data-id=\"260b016\" data-element_type=\"container\">\n\t\t\t\t<div class=\"elementor-element elementor-element-7f8e160 elementor-widget elementor-widget-image\" data-id=\"7f8e160\" data-element_type=\"widget\" data-widget_type=\"image.default\">\n\t\t\t\t<div class=\"elementor-widget-container\">\n\t\t\t\t\t\t\t\t\t\t\t\t\t\t\t<img fetchpriority=\"high\" decoding=\"async\" width=\"300\" height=\"300\" src=\"https:\/\/mediasupply.eu\/wp-content\/uploads\/2022\/08\/testdatei-300x300.png\" class=\"attachment-medium size-medium wp-image-1401\" alt=\"\" srcset=\"https:\/\/mediasupply.eu\/wp-content\/uploads\/2022\/08\/testdatei-300x300.png 300w, https:\/\/mediasupply.eu\/wp-content\/uploads\/2022\/08\/testdatei-150x150.png 150w, https:\/\/mediasupply.eu\/wp-content\/uploads\/2022\/08\/testdatei.png 637w\" sizes=\"(max-width: 300px) 100vw, 300px\" \/>\t\t\t\t\t\t\t\t\t\t\t\t\t\t\t<\/div>\n\t\t\t\t<\/div>\n\t\t\t\t<div class=\"elementor-element elementor-element-5d474fe elementor-widget elementor-widget-heading\" data-id=\"5d474fe\" data-element_type=\"widget\" data-widget_type=\"heading.default\">\n\t\t\t\t<div class=\"elementor-widget-container\">\n\t\t\t\t\t<h5 class=\"elementor-heading-title elementor-size-default\">1.<\/h5>\t\t\t\t<\/div>\n\t\t\t\t<\/div>\n\t\t\t\t<div class=\"elementor-element elementor-element-2809a04 elementor-widget elementor-widget-text-editor\" data-id=\"2809a04\" data-element_type=\"widget\" data-widget_type=\"text-editor.default\">\n\t\t\t\t<div class=\"elementor-widget-container\">\n\t\t\t\t\t\t\t\t\t<p class=\"p1\">Uzav\u0159eme p\u00edsemnou smlouvu.<\/p>\t\t\t\t\t\t\t\t<\/div>\n\t\t\t\t<\/div>\n\t\t\t\t<\/div>\n\t\t<div class=\"elementor-element elementor-element-a78d740 e-con-full e-flex e-con e-child\" data-id=\"a78d740\" data-element_type=\"container\">\n\t\t\t\t<div class=\"elementor-element elementor-element-28a2f3f elementor-widget elementor-widget-image\" data-id=\"28a2f3f\" data-element_type=\"widget\" data-widget_type=\"image.default\">\n\t\t\t\t<div class=\"elementor-widget-container\">\n\t\t\t\t\t\t\t\t\t\t\t\t\t\t\t<img decoding=\"async\" width=\"300\" height=\"300\" src=\"https:\/\/mediasupply.eu\/wp-content\/uploads\/2022\/08\/daten-300x300.png\" class=\"attachment-medium size-medium wp-image-1406\" alt=\"\" srcset=\"https:\/\/mediasupply.eu\/wp-content\/uploads\/2022\/08\/daten-300x300.png 300w, https:\/\/mediasupply.eu\/wp-content\/uploads\/2022\/08\/daten-150x150.png 150w, https:\/\/mediasupply.eu\/wp-content\/uploads\/2022\/08\/daten.png 637w\" sizes=\"(max-width: 300px) 100vw, 300px\" \/>\t\t\t\t\t\t\t\t\t\t\t\t\t\t\t<\/div>\n\t\t\t\t<\/div>\n\t\t\t\t<div class=\"elementor-element elementor-element-b2eb167 elementor-widget elementor-widget-heading\" data-id=\"b2eb167\" data-element_type=\"widget\" data-widget_type=\"heading.default\">\n\t\t\t\t<div class=\"elementor-widget-container\">\n\t\t\t\t\t<h5 class=\"elementor-heading-title elementor-size-default\">2.<\/h5>\t\t\t\t<\/div>\n\t\t\t\t<\/div>\n\t\t\t\t<div class=\"elementor-element elementor-element-9f8dba0 elementor-widget elementor-widget-text-editor\" data-id=\"9f8dba0\" data-element_type=\"widget\" data-widget_type=\"text-editor.default\">\n\t\t\t\t<div class=\"elementor-widget-container\">\n\t\t\t\t\t\t\t\t\t<p class=\"p1\">Pot\u00e9 dojde k \u00fapln\u00e9mu exportu dostupn\u00fdch obrazov\u00fdch dat, nejl\u00e9pe pomoc\u00ed FTP-Push \u2013 po dohod\u011b tak\u00e9 FTP-Pull.<\/p>\t\t\t\t\t\t\t\t<\/div>\n\t\t\t\t<\/div>\n\t\t\t\t<\/div>\n\t\t<div class=\"elementor-element elementor-element-9ed4e3b e-con-full e-flex e-con e-child\" data-id=\"9ed4e3b\" data-element_type=\"container\">\n\t\t\t\t<div class=\"elementor-element elementor-element-4202394 elementor-widget elementor-widget-image\" data-id=\"4202394\" data-element_type=\"widget\" data-widget_type=\"image.default\">\n\t\t\t\t<div class=\"elementor-widget-container\">\n\t\t\t\t\t\t\t\t\t\t\t\t\t\t\t<img decoding=\"async\" width=\"300\" height=\"300\" src=\"https:\/\/mediasupply.eu\/wp-content\/uploads\/2022\/08\/www-300x300.png\" class=\"attachment-medium size-medium wp-image-1411\" alt=\"\" srcset=\"https:\/\/mediasupply.eu\/wp-content\/uploads\/2022\/08\/www-300x300.png 300w, https:\/\/mediasupply.eu\/wp-content\/uploads\/2022\/08\/www-150x150.png 150w, https:\/\/mediasupply.eu\/wp-content\/uploads\/2022\/08\/www.png 637w\" sizes=\"(max-width: 300px) 100vw, 300px\" \/>\t\t\t\t\t\t\t\t\t\t\t\t\t\t\t<\/div>\n\t\t\t\t<\/div>\n\t\t\t\t<div class=\"elementor-element elementor-element-37f999d elementor-widget elementor-widget-heading\" data-id=\"37f999d\" data-element_type=\"widget\" data-widget_type=\"heading.default\">\n\t\t\t\t<div class=\"elementor-widget-container\">\n\t\t\t\t\t<h5 class=\"elementor-heading-title elementor-size-default\">3.<\/h5>\t\t\t\t<\/div>\n\t\t\t\t<\/div>\n\t\t\t\t<div class=\"elementor-element elementor-element-d0d1db4 elementor-widget elementor-widget-text-editor\" data-id=\"d0d1db4\" data-element_type=\"widget\" data-widget_type=\"text-editor.default\">\n\t\t\t\t<div class=\"elementor-widget-container\">\n\t\t\t\t\t\t\t\t\t<p class=\"p1\">Po \u00fasp\u011b\u0161n\u00e9m importu do e-shopu m\u016f\u017eete ihned za\u010d\u00edt s prodejem.<\/p>\t\t\t\t\t\t\t\t<\/div>\n\t\t\t\t<\/div>\n\t\t\t\t<\/div>\n\t\t<div class=\"elementor-element elementor-element-1b0aca3 e-con-full e-flex e-con e-child\" data-id=\"1b0aca3\" data-element_type=\"container\">\n\t\t\t\t<div class=\"elementor-element elementor-element-30c1de0 elementor-widget elementor-widget-image\" data-id=\"30c1de0\" data-element_type=\"widget\" data-widget_type=\"image.default\">\n\t\t\t\t<div class=\"elementor-widget-container\">\n\t\t\t\t\t\t\t\t\t\t\t\t\t\t\t<img loading=\"lazy\" decoding=\"async\" width=\"300\" height=\"300\" src=\"https:\/\/mediasupply.eu\/wp-content\/uploads\/2022\/08\/update-300x300.png\" class=\"attachment-medium size-medium wp-image-1416\" alt=\"\" srcset=\"https:\/\/mediasupply.eu\/wp-content\/uploads\/2022\/08\/update-300x300.png 300w, https:\/\/mediasupply.eu\/wp-content\/uploads\/2022\/08\/update-150x150.png 150w, https:\/\/mediasupply.eu\/wp-content\/uploads\/2022\/08\/update.png 637w\" sizes=\"(max-width: 300px) 100vw, 300px\" \/>\t\t\t\t\t\t\t\t\t\t\t\t\t\t\t<\/div>\n\t\t\t\t<\/div>\n\t\t\t\t<div class=\"elementor-element elementor-element-c5fdabd elementor-widget elementor-widget-heading\" data-id=\"c5fdabd\" data-element_type=\"widget\" data-widget_type=\"heading.default\">\n\t\t\t\t<div class=\"elementor-widget-container\">\n\t\t\t\t\t<h5 class=\"elementor-heading-title elementor-size-default\">4.<\/h5>\t\t\t\t<\/div>\n\t\t\t\t<\/div>\n\t\t\t\t<div class=\"elementor-element elementor-element-3a65e39 elementor-widget elementor-widget-text-editor\" data-id=\"3a65e39\" data-element_type=\"widget\" data-widget_type=\"text-editor.default\">\n\t\t\t\t<div class=\"elementor-widget-container\">\n\t\t\t\t\t\t\t\t\t<p class=\"p1\"><b>Denn\u011b odes\u00edl\u00e1me aktualizace<\/b> na V\u00e1\u0161 server. Server FTP proto mus\u00ed b\u00fdt v\u017edy p\u0159\u00edstupn\u00fd.<span class=\"Apple-converted-space\"> <\/span><\/p>\t\t\t\t\t\t\t\t<\/div>\n\t\t\t\t<\/div>\n\t\t\t\t<\/div>\n\t\t\t\t\t<\/div>\n\t\t\t\t<\/div>\n\t\t<div class=\"elementor-element elementor-element-f661b29 e-flex e-con-boxed e-con e-parent\" data-id=\"f661b29\" data-element_type=\"container\">\n\t\t\t\t\t<div class=\"e-con-inner\">\n\t\t\t\t<div class=\"elementor-element elementor-element-1ff83e3 elementor-widget elementor-widget-heading\" data-id=\"1ff83e3\" data-element_type=\"widget\" data-widget_type=\"heading.default\">\n\t\t\t\t<div class=\"elementor-widget-container\">\n\t\t\t\t\t<h2 class=\"elementor-heading-title elementor-size-default\">Zvolte si MediaSupply<\/h2>\t\t\t\t<\/div>\n\t\t\t\t<\/div>\n\t\t\t\t<div class=\"elementor-element elementor-element-120b591 elementor-widget elementor-widget-text-editor\" data-id=\"120b591\" data-element_type=\"widget\" data-widget_type=\"text-editor.default\">\n\t\t\t\t<div class=\"elementor-widget-container\">\n\t\t\t\t\t\t\t\t\t<p class=\"p1\">Koncentrujte se na svou hlavn\u00ed \u010dinnost a vyu\u017e\u00edvejte MediaSupply k neust\u00e1l\u00e9mu roz\u0161i\u0159ov\u00e1n\u00ed a zlep\u0161ov\u00e1n\u00ed sv\u00e9ho sortimentu.<br><strong>R\u00e1di V\u00e1m porad\u00edme!<\/strong><\/p>\t\t\t\t\t\t\t\t<\/div>\n\t\t\t\t<\/div>\n\t\t\t\t<div class=\"elementor-element elementor-element-fd21ce1 elementor-align-center elementor-widget elementor-widget-button\" data-id=\"fd21ce1\" data-element_type=\"widget\" data-widget_type=\"button.default\">\n\t\t\t\t<div class=\"elementor-widget-container\">\n\t\t\t\t\t\t\t\t\t<div class=\"elementor-button-wrapper\">\n\t\t\t\t\t<a class=\"elementor-button elementor-button-link elementor-size-sm\" href=\"https:\/\/mediasupply.eu\/cs\/kontaktujte-nas\/\">\n\t\t\t\t\t\t<span class=\"elementor-button-content-wrapper\">\n\t\t\t\t\t\t\t\t\t<span class=\"elementor-button-text\">Kontaktujte n\u00e1s<\/span>\n\t\t\t\t\t<\/span>\n\t\t\t\t\t<\/a>\n\t\t\t\t<\/div>\n\t\t\t\t\t\t\t\t<\/div>\n\t\t\t\t<\/div>\n\t\t\t\t\t<\/div>\n\t\t\t\t<\/div>\n\t\t<div class=\"elementor-element elementor-element-4d9a858 e-flex e-con-boxed e-con e-parent\" data-id=\"4d9a858\" data-element_type=\"container\" data-settings=\"{&quot;background_background&quot;:&quot;classic&quot;}\">\n\t\t\t\t\t<div class=\"e-con-inner\">\n\t\t<div class=\"elementor-element elementor-element-cc02bfb e-con-full e-flex e-con e-child\" data-id=\"cc02bfb\" data-element_type=\"container\" data-settings=\"{&quot;background_background&quot;:&quot;classic&quot;}\">\n\t\t\t\t<div class=\"elementor-element elementor-element-55dc816 elementor-widget elementor-widget-heading\" data-id=\"55dc816\" data-element_type=\"widget\" data-widget_type=\"heading.default\">\n\t\t\t\t<div class=\"elementor-widget-container\">\n\t\t\t\t\t<h2 class=\"elementor-heading-title elementor-size-default\">R\u016fst obratu<\/h2>\t\t\t\t<\/div>\n\t\t\t\t<\/div>\n\t\t\t\t<div class=\"elementor-element elementor-element-3df2ee2 elementor-widget elementor-widget-text-editor\" data-id=\"3df2ee2\" data-element_type=\"widget\" data-widget_type=\"text-editor.default\">\n\t\t\t\t<div class=\"elementor-widget-container\">\n\t\t\t\t\t\t\t\t\t<p class=\"p1\">Roz\u0161\u00ed\u0159en\u00ed nab\u00eddky produkt\u016f vede ke zv\u00fd\u0161en\u00ed obratu.<\/p>\t\t\t\t\t\t\t\t<\/div>\n\t\t\t\t<\/div>\n\t\t\t\t<div class=\"elementor-element elementor-element-c1d1428 elementor-widget elementor-widget-image\" data-id=\"c1d1428\" data-element_type=\"widget\" data-widget_type=\"image.default\">\n\t\t\t\t<div class=\"elementor-widget-container\">\n\t\t\t\t\t\t\t\t\t\t\t\t\t\t\t<img loading=\"lazy\" decoding=\"async\" width=\"1601\" height=\"1001\" src=\"https:\/\/mediasupply.eu\/wp-content\/uploads\/2022\/08\/Animation_Umsatz.gif\" class=\"attachment-full size-full wp-image-1421\" alt=\"\" \/>\t\t\t\t\t\t\t\t\t\t\t\t\t\t\t<\/div>\n\t\t\t\t<\/div>\n\t\t\t\t<\/div>\n\t\t<div class=\"elementor-element elementor-element-ffb7c6c e-con-full e-flex e-con e-child\" data-id=\"ffb7c6c\" data-element_type=\"container\" data-settings=\"{&quot;background_background&quot;:&quot;classic&quot;}\">\n\t\t\t\t<div class=\"elementor-element elementor-element-22ca7f2 elementor-widget elementor-widget-heading\" data-id=\"22ca7f2\" data-element_type=\"widget\" data-widget_type=\"heading.default\">\n\t\t\t\t<div class=\"elementor-widget-container\">\n\t\t\t\t\t<h2 class=\"elementor-heading-title elementor-size-default\">40 let zku\u0161enost\u00ed<\/h2>\t\t\t\t<\/div>\n\t\t\t\t<\/div>\n\t\t\t\t<div class=\"elementor-element elementor-element-7092978 elementor-widget elementor-widget-heading\" data-id=\"7092978\" data-element_type=\"widget\" data-widget_type=\"heading.default\">\n\t\t\t\t<div class=\"elementor-widget-container\">\n\t\t\t\t\t<h5 class=\"elementor-heading-title elementor-size-default\">Profitujte z know-how na\u0161ich\nproduktov\u00fdch specialist\u016f.<\/h5>\t\t\t\t<\/div>\n\t\t\t\t<\/div>\n\t\t\t\t<div class=\"elementor-element elementor-element-80e5b74 elementor-widget elementor-widget-text-editor\" data-id=\"80e5b74\" data-element_type=\"widget\" data-widget_type=\"text-editor.default\">\n\t\t\t\t<div class=\"elementor-widget-container\">\n\t\t\t\t\t\t\t\t\t<p class=\"p1\">Odli\u0161uje n\u00e1s 40 let zku\u0161enost\u00ed na trhu. Neust\u00e1le hled\u00e1me nov\u00e9 produkty a nov\u00e9 skupiny produkt\u016f, abychom roz\u0161\u00ed\u0159ili v\u00e1\u0161 sortiment a udr\u017eeli jej v aktu\u00e1ln\u00edm stavu.<\/p>\t\t\t\t\t\t\t\t<\/div>\n\t\t\t\t<\/div>\n\t\t\t\t<\/div>\n\t\t\t\t\t<\/div>\n\t\t\t\t<\/div>\n\t\t\t\t<\/div>\n\t\t","protected":false},"excerpt":{"rendered":"<p>Snadn\u00e1 instalace. Krok za krokem 1. Uzav\u0159eme p\u00edsemnou smlouvu. 2. Pot\u00e9 dojde k \u00fapln\u00e9mu exportu dostupn\u00fdch obrazov\u00fdch dat, nejl\u00e9pe pomoc\u00ed FTP-Push \u2013 po dohod\u011b tak\u00e9 FTP-Pull. 3. Po \u00fasp\u011b\u0161n\u00e9m importu do e-shopu m\u016f\u017eete ihned za\u010d\u00edt s prodejem. 4. Denn\u011b odes\u00edl\u00e1me aktualizace na V\u00e1\u0161 server. Server FTP proto mus\u00ed b\u00fdt v\u017edy p\u0159\u00edstupn\u00fd. Zvolte si MediaSupply Koncentrujte [&hellip;]<\/p>\n","protected":false},"author":1,"featured_media":0,"parent":0,"menu_order":0,"comment_status":"closed","ping_status":"closed","template":"","meta":{"footnotes":""},"class_list":["post-1630","page","type-page","status-publish","hentry"],"_links":{"self":[{"href":"https:\/\/mediasupply.eu\/cs\/wp-json\/wp\/v2\/pages\/1630","targetHints":{"allow":["GET"]}}],"collection":[{"href":"https:\/\/mediasupply.eu\/cs\/wp-json\/wp\/v2\/pages"}],"about":[{"href":"https:\/\/mediasupply.eu\/cs\/wp-json\/wp\/v2\/types\/page"}],"author":[{"embeddable":true,"href":"https:\/\/mediasupply.eu\/cs\/wp-json\/wp\/v2\/users\/1"}],"replies":[{"embeddable":true,"href":"https:\/\/mediasupply.eu\/cs\/wp-json\/wp\/v2\/comments?post=1630"}],"version-history":[{"count":11,"href":"https:\/\/mediasupply.eu\/cs\/wp-json\/wp\/v2\/pages\/1630\/revisions"}],"predecessor-version":[{"id":3564,"href":"https:\/\/mediasupply.eu\/cs\/wp-json\/wp\/v2\/pages\/1630\/revisions\/3564"}],"wp:attachment":[{"href":"https:\/\/mediasupply.eu\/cs\/wp-json\/wp\/v2\/media?parent=1630"}],"curies":[{"name":"wp","href":"https:\/\/api.w.org\/{rel}","templated":true}]}}