{"id":1516,"date":"2022-08-15T19:35:00","date_gmt":"2022-08-15T17:35:00","guid":{"rendered":"https:\/\/mediasupply.zelantic.com\/dropshipping\/"},"modified":"2024-12-02T11:42:41","modified_gmt":"2024-12-02T10:42:41","slug":"dropshipping","status":"publish","type":"page","link":"https:\/\/mediasupply.eu\/es\/dropshipping\/","title":{"rendered":"\u00bfDropshipping?"},"content":{"rendered":"\t\t<div data-elementor-type=\"wp-page\" data-elementor-id=\"1516\" class=\"elementor elementor-1516 elementor-60\" data-elementor-post-type=\"page\">\n\t\t\t\t<div class=\"elementor-element elementor-element-f5d1079 e-flex e-con-boxed e-con e-parent\" data-id=\"f5d1079\" data-element_type=\"container\">\n\t\t\t\t\t<div class=\"e-con-inner\">\n\t\t\t\t<div class=\"elementor-element elementor-element-56c9a35 elementor-widget elementor-widget-heading\" data-id=\"56c9a35\" data-element_type=\"widget\" data-widget_type=\"heading.default\">\n\t\t\t\t<div class=\"elementor-widget-container\">\n\t\t\t\t\t<h2 class=\"elementor-heading-title elementor-size-default\">Dropshipping\n<\/h2>\t\t\t\t<\/div>\n\t\t\t\t<\/div>\n\t\t\t\t<div class=\"elementor-element elementor-element-f2ef68f elementor-widget elementor-widget-heading\" data-id=\"f2ef68f\" data-element_type=\"widget\" data-widget_type=\"heading.default\">\n\t\t\t\t<div class=\"elementor-widget-container\">\n\t\t\t\t\t<h2 class=\"elementor-heading-title elementor-size-default\">Lo haremos por usted.<\/h2>\t\t\t\t<\/div>\n\t\t\t\t<\/div>\n\t\t\t\t<div class=\"elementor-element elementor-element-5ee8b5b elementor-widget elementor-widget-text-editor\" data-id=\"5ee8b5b\" data-element_type=\"widget\" data-widget_type=\"text-editor.default\">\n\t\t\t\t<div class=\"elementor-widget-container\">\n\t\t\t\t\t\t\t\t\t<p>\u00bfSe pregunta c\u00f3mo debe almacenar 40.000 art\u00edculos? Nuestro almac\u00e9n es su almac\u00e9n.<\/p>\t\t\t\t\t\t\t\t<\/div>\n\t\t\t\t<\/div>\n\t\t\t\t\t<\/div>\n\t\t\t\t<\/div>\n\t\t<div class=\"elementor-element elementor-element-f9ac21a e-flex e-con-boxed e-con e-parent\" data-id=\"f9ac21a\" data-element_type=\"container\" data-settings=\"{&quot;background_background&quot;:&quot;classic&quot;}\">\n\t\t\t\t\t<div class=\"e-con-inner\">\n\t\t<div class=\"elementor-element elementor-element-481980d e-con-full e-flex e-con e-child\" data-id=\"481980d\" data-element_type=\"container\">\n\t\t\t\t<div class=\"elementor-element elementor-element-98e316a elementor-widget__width-initial elementor-widget elementor-widget-image\" data-id=\"98e316a\" data-element_type=\"widget\" data-widget_type=\"image.default\">\n\t\t\t\t<div class=\"elementor-widget-container\">\n\t\t\t\t\t\t\t\t\t\t\t\t\t\t\t<img fetchpriority=\"high\" decoding=\"async\" width=\"647\" height=\"500\" src=\"https:\/\/mediasupply.eu\/wp-content\/uploads\/2022\/08\/Hochregallager_11.jpg\" class=\"attachment-full size-full wp-image-1385\" alt=\"\" srcset=\"https:\/\/mediasupply.eu\/wp-content\/uploads\/2022\/08\/Hochregallager_11.jpg 647w, https:\/\/mediasupply.eu\/wp-content\/uploads\/2022\/08\/Hochregallager_11-300x232.jpg 300w\" sizes=\"(max-width: 647px) 100vw, 647px\" \/>\t\t\t\t\t\t\t\t\t\t\t\t\t\t\t<\/div>\n\t\t\t\t<\/div>\n\t\t\t\t<\/div>\n\t\t<div class=\"elementor-element elementor-element-5b042b9 e-con-full e-flex e-con e-child\" data-id=\"5b042b9\" data-element_type=\"container\">\n\t\t\t\t<div class=\"elementor-element elementor-element-088b616 elementor-widget elementor-widget-heading\" data-id=\"088b616\" data-element_type=\"widget\" data-widget_type=\"heading.default\">\n\t\t\t\t<div class=\"elementor-widget-container\">\n\t\t\t\t\t<h4 class=\"elementor-heading-title elementor-size-default\">Nuestro almac\u00e9n es su almac\u00e9n.<\/h4>\t\t\t\t<\/div>\n\t\t\t\t<\/div>\n\t\t\t\t<div class=\"elementor-element elementor-element-35c78d6 elementor-widget elementor-widget-text-editor\" data-id=\"35c78d6\" data-element_type=\"widget\" data-widget_type=\"text-editor.default\">\n\t\t\t\t<div class=\"elementor-widget-container\">\n\t\t\t\t\t\t\t\t\t<p class=\"p1\">En una superficie total de 22.000 m\u00b2 con 12.500 ubicaciones de almacenamiento de palets y 88.000 ubicaciones de preparaci\u00f3n de pedidos, ofrecemos un alto nivel de disponibilidad de mercanc\u00eda, as\u00ed como el procesamiento de pedidos lo m\u00e1s r\u00e1pido posible. Los procesos log\u00edsticos eficientes le ahorran el riesgo de mantener su propio stock. Adem\u00e1s, tendr\u00e1 m\u00e1s tiempo para su negocio.<\/p>\t\t\t\t\t\t\t\t<\/div>\n\t\t\t\t<\/div>\n\t\t\t\t<\/div>\n\t\t\t\t\t<\/div>\n\t\t\t\t<\/div>\n\t\t<div class=\"elementor-element elementor-element-0951f32 e-flex e-con-boxed e-con e-parent\" data-id=\"0951f32\" data-element_type=\"container\" data-settings=\"{&quot;background_background&quot;:&quot;classic&quot;}\">\n\t\t\t\t\t<div class=\"e-con-inner\">\n\t\t\t\t<div class=\"elementor-element elementor-element-d303fac elementor-widget__width-initial elementor-widget elementor-widget-image\" data-id=\"d303fac\" data-element_type=\"widget\" data-widget_type=\"image.default\">\n\t\t\t\t<div class=\"elementor-widget-container\">\n\t\t\t\t\t\t\t\t\t\t\t\t\t\t\t<img decoding=\"async\" width=\"600\" height=\"600\" src=\"https:\/\/mediasupply.eu\/wp-content\/uploads\/2022\/08\/Packstrasse_05.jpg\" class=\"attachment-large size-large wp-image-1160\" alt=\"\" srcset=\"https:\/\/mediasupply.eu\/wp-content\/uploads\/2022\/08\/Packstrasse_05.jpg 600w, https:\/\/mediasupply.eu\/wp-content\/uploads\/2022\/08\/Packstrasse_05-300x300.jpg 300w, https:\/\/mediasupply.eu\/wp-content\/uploads\/2022\/08\/Packstrasse_05-150x150.jpg 150w\" sizes=\"(max-width: 600px) 100vw, 600px\" \/>\t\t\t\t\t\t\t\t\t\t\t\t\t\t\t<\/div>\n\t\t\t\t<\/div>\n\t\t\t\t<div class=\"elementor-element elementor-element-42c9591 elementor-widget elementor-widget-image\" data-id=\"42c9591\" data-element_type=\"widget\" data-widget_type=\"image.default\">\n\t\t\t\t<div class=\"elementor-widget-container\">\n\t\t\t\t\t\t\t\t\t\t\t\t\t\t\t<img decoding=\"async\" width=\"1021\" height=\"500\" src=\"https:\/\/mediasupply.eu\/wp-content\/uploads\/2022\/08\/Kommissionierlager_01.png\" class=\"attachment-full size-full wp-image-1380\" alt=\"\" srcset=\"https:\/\/mediasupply.eu\/wp-content\/uploads\/2022\/08\/Kommissionierlager_01.png 1021w, https:\/\/mediasupply.eu\/wp-content\/uploads\/2022\/08\/Kommissionierlager_01-300x147.png 300w, https:\/\/mediasupply.eu\/wp-content\/uploads\/2022\/08\/Kommissionierlager_01-768x376.png 768w\" sizes=\"(max-width: 1021px) 100vw, 1021px\" \/>\t\t\t\t\t\t\t\t\t\t\t\t\t\t\t<\/div>\n\t\t\t\t<\/div>\n\t\t\t\t\t<\/div>\n\t\t\t\t<\/div>\n\t\t<div class=\"elementor-element elementor-element-8962ea3 e-flex e-con-boxed e-con e-parent\" data-id=\"8962ea3\" data-element_type=\"container\">\n\t\t\t\t\t<div class=\"e-con-inner\">\n\t\t\t\t<div class=\"elementor-element elementor-element-dcb4036 elementor-widget elementor-widget-video\" data-id=\"dcb4036\" data-element_type=\"widget\" data-settings=\"{&quot;video_type&quot;:&quot;hosted&quot;,&quot;show_image_overlay&quot;:&quot;yes&quot;,&quot;image_overlay&quot;:{&quot;url&quot;:&quot;https:\\\/\\\/mediasupply.eu\\\/wp-content\\\/uploads\\\/2022\\\/08\\\/Export-LZ-2016_010-Ausschnitt.jpg&quot;,&quot;id&quot;:352,&quot;size&quot;:&quot;&quot;,&quot;alt&quot;:&quot;&quot;,&quot;source&quot;:&quot;library&quot;},&quot;controls&quot;:&quot;yes&quot;}\" data-widget_type=\"video.default\">\n\t\t\t\t<div class=\"elementor-widget-container\">\n\t\t\t\t\t\t\t<div class=\"e-hosted-video elementor-wrapper elementor-open-inline\">\n\t\t\t\t\t<video class=\"elementor-video\" src=\"https:\/\/mediasupply.eu\/wp-content\/uploads\/2022\/08\/imagefilm_Duttenhofr_LZ-1.mp4\" controls=\"\" preload=\"metadata\" controlsList=\"nodownload\" poster=\"https:\/\/mediasupply.eu\/wp-content\/uploads\/2022\/08\/Export-LZ-2016_010-Ausschnitt.jpg\"><\/video>\n\t\t\t\t\t\t<div class=\"elementor-custom-embed-image-overlay\" style=\"background-image: url(https:\/\/mediasupply.eu\/wp-content\/uploads\/2022\/08\/Export-LZ-2016_010-Ausschnitt.jpg);\">\n\t\t\t\t\t\t\t\t\t\t\t\t\t\t\t\t<div class=\"elementor-custom-embed-play\" role=\"button\" aria-label=\"Reproducir v\u00eddeo\" tabindex=\"0\">\n\t\t\t\t\t\t\t<svg aria-hidden=\"true\" class=\"e-font-icon-svg e-eicon-play\" viewBox=\"0 0 1000 1000\" xmlns=\"http:\/\/www.w3.org\/2000\/svg\"><path d=\"M838 162C746 71 633 25 500 25 371 25 258 71 163 162 71 254 25 367 25 500 25 633 71 746 163 837 254 929 367 979 500 979 633 979 746 933 838 837 929 746 975 633 975 500 975 367 929 254 838 162M808 192C892 279 933 379 933 500 933 621 892 725 808 808 725 892 621 938 500 938 379 938 279 896 196 808 113 725 67 621 67 500 67 379 108 279 196 192 279 108 383 62 500 62 621 62 721 108 808 192M438 392V642L642 517 438 392Z\"><\/path><\/svg>\t\t\t\t\t\t<\/div>\n\t\t\t\t\t\t\t\t\t<\/div>\n\t\t\t\t\t<\/div>\n\t\t\t\t\t\t<\/div>\n\t\t\t\t<\/div>\n\t\t\t\t\t<\/div>\n\t\t\t\t<\/div>\n\t\t<div class=\"elementor-element elementor-element-2facb14 e-flex e-con-boxed e-con e-parent\" data-id=\"2facb14\" data-element_type=\"container\">\n\t\t\t\t\t<div class=\"e-con-inner\">\n\t\t<div class=\"elementor-element elementor-element-04ca69d e-con-full e-flex e-con e-child\" data-id=\"04ca69d\" data-element_type=\"container\">\n\t\t\t\t<div class=\"elementor-element elementor-element-0d0fb7f elementor-widget__width-initial elementor-widget-mobile__width-initial elementor-widget elementor-widget-heading\" data-id=\"0d0fb7f\" data-element_type=\"widget\" data-widget_type=\"heading.default\">\n\t\t\t\t<div class=\"elementor-widget-container\">\n\t\t\t\t\t<h4 class=\"elementor-heading-title elementor-size-default\">\u00bfC\u00f3mo funciona el Dropshipping?<\/h4>\t\t\t\t<\/div>\n\t\t\t\t<\/div>\n\t\t\t\t<div class=\"elementor-element elementor-element-1d4e755 elementor-widget__width-initial elementor-widget-mobile__width-initial elementor-widget elementor-widget-text-editor\" data-id=\"1d4e755\" data-element_type=\"widget\" data-widget_type=\"text-editor.default\">\n\t\t\t\t<div class=\"elementor-widget-container\">\n\t\t\t\t\t\t\t\t\t<p class=\"p1\">Entregamos la mercanc\u00eda en su nombre directamente a su cliente sin desv\u00edos y tambi\u00e9n nos encargamos del manejo. Los procesos log\u00edsticos eficientes le ahorran el riesgo de mantener su propio stock. Adem\u00e1s, tendr\u00e1 m\u00e1s tiempo para su negocio.<\/p>\n\t\t\t\t\t\t\t\t<\/div>\n\t\t\t\t<\/div>\n\t\t\t\t<\/div>\n\t\t<div class=\"elementor-element elementor-element-542118d e-con-full e-flex e-con e-child\" data-id=\"542118d\" data-element_type=\"container\">\n\t\t\t\t<div class=\"elementor-element elementor-element-395d3c0 elementor-widget elementor-widget-image\" data-id=\"395d3c0\" data-element_type=\"widget\" data-widget_type=\"image.default\">\n\t\t\t\t<div class=\"elementor-widget-container\">\n\t\t\t\t\t\t\t\t\t\t\t\t\t\t\t<img loading=\"lazy\" decoding=\"async\" width=\"800\" height=\"618\" src=\"https:\/\/mediasupply.eu\/wp-content\/uploads\/2023\/04\/Mediasupply_Dropshipment_ES-1024x791.png\" class=\"attachment-large size-large wp-image-2229\" alt=\"\" srcset=\"https:\/\/mediasupply.eu\/wp-content\/uploads\/2023\/04\/Mediasupply_Dropshipment_ES-1024x791.png 1024w, https:\/\/mediasupply.eu\/wp-content\/uploads\/2023\/04\/Mediasupply_Dropshipment_ES-300x232.png 300w, https:\/\/mediasupply.eu\/wp-content\/uploads\/2023\/04\/Mediasupply_Dropshipment_ES-768x593.png 768w, https:\/\/mediasupply.eu\/wp-content\/uploads\/2023\/04\/Mediasupply_Dropshipment_ES-1536x1186.png 1536w, https:\/\/mediasupply.eu\/wp-content\/uploads\/2023\/04\/Mediasupply_Dropshipment_ES.png 1920w\" sizes=\"(max-width: 800px) 100vw, 800px\" \/>\t\t\t\t\t\t\t\t\t\t\t\t\t\t\t<\/div>\n\t\t\t\t<\/div>\n\t\t\t\t<\/div>\n\t\t\t\t\t<\/div>\n\t\t\t\t<\/div>\n\t\t<div class=\"elementor-element elementor-element-c17b6bd e-flex e-con-boxed e-con e-parent\" data-id=\"c17b6bd\" data-element_type=\"container\">\n\t\t\t\t\t<div class=\"e-con-inner\">\n\t\t\t\t<div class=\"elementor-element elementor-element-91f85d7 elementor-align-center elementor-widget elementor-widget-button\" data-id=\"91f85d7\" data-element_type=\"widget\" data-widget_type=\"button.default\">\n\t\t\t\t<div class=\"elementor-widget-container\">\n\t\t\t\t\t\t\t\t\t<div class=\"elementor-button-wrapper\">\n\t\t\t\t\t<a class=\"elementor-button elementor-button-link elementor-size-sm\" href=\"https:\/\/mediasupply.eu\/es\/contactenos\/\">\n\t\t\t\t\t\t<span class=\"elementor-button-content-wrapper\">\n\t\t\t\t\t\t\t\t\t<span class=\"elementor-button-text\">Cont\u00e1ctenos<\/span>\n\t\t\t\t\t<\/span>\n\t\t\t\t\t<\/a>\n\t\t\t\t<\/div>\n\t\t\t\t\t\t\t\t<\/div>\n\t\t\t\t<\/div>\n\t\t\t\t\t<\/div>\n\t\t\t\t<\/div>\n\t\t\t\t<\/div>\n\t\t","protected":false},"excerpt":{"rendered":"<p>Dropshipping Lo haremos por usted. \u00bfSe pregunta c\u00f3mo debe almacenar 40.000 art\u00edculos? Nuestro almac\u00e9n es su almac\u00e9n. Nuestro almac\u00e9n es su almac\u00e9n. En una superficie total de 22.000 m\u00b2 con 12.500 ubicaciones de almacenamiento de palets y 88.000 ubicaciones de preparaci\u00f3n de pedidos, ofrecemos un alto nivel de disponibilidad de mercanc\u00eda, as\u00ed como el procesamiento [&hellip;]<\/p>\n","protected":false},"author":1,"featured_media":0,"parent":0,"menu_order":0,"comment_status":"closed","ping_status":"closed","template":"","meta":{"footnotes":""},"class_list":["post-1516","page","type-page","status-publish","hentry"],"_links":{"self":[{"href":"https:\/\/mediasupply.eu\/es\/wp-json\/wp\/v2\/pages\/1516","targetHints":{"allow":["GET"]}}],"collection":[{"href":"https:\/\/mediasupply.eu\/es\/wp-json\/wp\/v2\/pages"}],"about":[{"href":"https:\/\/mediasupply.eu\/es\/wp-json\/wp\/v2\/types\/page"}],"author":[{"embeddable":true,"href":"https:\/\/mediasupply.eu\/es\/wp-json\/wp\/v2\/users\/1"}],"replies":[{"embeddable":true,"href":"https:\/\/mediasupply.eu\/es\/wp-json\/wp\/v2\/comments?post=1516"}],"version-history":[{"count":34,"href":"https:\/\/mediasupply.eu\/es\/wp-json\/wp\/v2\/pages\/1516\/revisions"}],"predecessor-version":[{"id":3309,"href":"https:\/\/mediasupply.eu\/es\/wp-json\/wp\/v2\/pages\/1516\/revisions\/3309"}],"wp:attachment":[{"href":"https:\/\/mediasupply.eu\/es\/wp-json\/wp\/v2\/media?parent=1516"}],"curies":[{"name":"wp","href":"https:\/\/api.w.org\/{rel}","templated":true}]}}