{"id":1544,"date":"2022-08-15T19:36:00","date_gmt":"2022-08-15T17:36:00","guid":{"rendered":"https:\/\/mediasupply.zelantic.com\/como-funciona\/"},"modified":"2026-02-09T08:18:27","modified_gmt":"2026-02-09T07:18:27","slug":"como-funciona","status":"publish","type":"page","link":"https:\/\/mediasupply.eu\/es\/como-funciona\/","title":{"rendered":"C\u00f3mo funciona"},"content":{"rendered":"\t\t<div data-elementor-type=\"wp-page\" data-elementor-id=\"1544\" class=\"elementor elementor-1544 elementor-62\" data-elementor-post-type=\"page\">\n\t\t\t\t<div class=\"elementor-element elementor-element-f8aa732 e-flex e-con-boxed e-con e-parent\" data-id=\"f8aa732\" data-element_type=\"container\">\n\t\t\t\t\t<div class=\"e-con-inner\">\n\t\t\t\t<div class=\"elementor-element elementor-element-7106bcb elementor-widget elementor-widget-heading\" data-id=\"7106bcb\" data-element_type=\"widget\" data-widget_type=\"heading.default\">\n\t\t\t\t<div class=\"elementor-widget-container\">\n\t\t\t\t\t<h2 class=\"elementor-heading-title elementor-size-default\">F\u00e1cil de implementar.<\/h2>\t\t\t\t<\/div>\n\t\t\t\t<\/div>\n\t\t\t\t<div class=\"elementor-element elementor-element-a8de21d elementor-widget elementor-widget-heading\" data-id=\"a8de21d\" data-element_type=\"widget\" data-widget_type=\"heading.default\">\n\t\t\t\t<div class=\"elementor-widget-container\">\n\t\t\t\t\t<h2 class=\"elementor-heading-title elementor-size-default\">Alcance el \u00e9xito en pocos pasos.<\/h2>\t\t\t\t<\/div>\n\t\t\t\t<\/div>\n\t\t\t\t\t<\/div>\n\t\t\t\t<\/div>\n\t\t<div class=\"elementor-element elementor-element-4bfa9ea e-flex e-con-boxed e-con e-parent\" data-id=\"4bfa9ea\" data-element_type=\"container\" data-settings=\"{&quot;background_background&quot;:&quot;classic&quot;}\">\n\t\t\t\t\t<div class=\"e-con-inner\">\n\t\t<div class=\"elementor-element elementor-element-260b016 e-con-full e-flex e-con e-child\" data-id=\"260b016\" data-element_type=\"container\">\n\t\t\t\t<div class=\"elementor-element elementor-element-7f8e160 elementor-widget elementor-widget-image\" data-id=\"7f8e160\" data-element_type=\"widget\" data-widget_type=\"image.default\">\n\t\t\t\t<div class=\"elementor-widget-container\">\n\t\t\t\t\t\t\t\t\t\t\t\t\t\t\t<img fetchpriority=\"high\" decoding=\"async\" width=\"300\" height=\"300\" src=\"https:\/\/mediasupply.eu\/wp-content\/uploads\/2022\/08\/testdatei-300x300.png\" class=\"attachment-medium size-medium wp-image-1405\" alt=\"\" srcset=\"https:\/\/mediasupply.eu\/wp-content\/uploads\/2022\/08\/testdatei-300x300.png 300w, https:\/\/mediasupply.eu\/wp-content\/uploads\/2022\/08\/testdatei-150x150.png 150w, https:\/\/mediasupply.eu\/wp-content\/uploads\/2022\/08\/testdatei.png 637w\" sizes=\"(max-width: 300px) 100vw, 300px\" \/>\t\t\t\t\t\t\t\t\t\t\t\t\t\t\t<\/div>\n\t\t\t\t<\/div>\n\t\t\t\t<div class=\"elementor-element elementor-element-5d474fe elementor-widget elementor-widget-heading\" data-id=\"5d474fe\" data-element_type=\"widget\" data-widget_type=\"heading.default\">\n\t\t\t\t<div class=\"elementor-widget-container\">\n\t\t\t\t\t<h5 class=\"elementor-heading-title elementor-size-default\">1.<\/h5>\t\t\t\t<\/div>\n\t\t\t\t<\/div>\n\t\t\t\t<div class=\"elementor-element elementor-element-2809a04 elementor-widget elementor-widget-text-editor\" data-id=\"2809a04\" data-element_type=\"widget\" data-widget_type=\"text-editor.default\">\n\t\t\t\t<div class=\"elementor-widget-container\">\n\t\t\t\t\t\t\t\t\t<p class=\"p1\">Firmamos un acuerdo por escrito.<\/p>\t\t\t\t\t\t\t\t<\/div>\n\t\t\t\t<\/div>\n\t\t\t\t<\/div>\n\t\t<div class=\"elementor-element elementor-element-a78d740 e-con-full e-flex e-con e-child\" data-id=\"a78d740\" data-element_type=\"container\">\n\t\t\t\t<div class=\"elementor-element elementor-element-28a2f3f elementor-widget elementor-widget-image\" data-id=\"28a2f3f\" data-element_type=\"widget\" data-widget_type=\"image.default\">\n\t\t\t\t<div class=\"elementor-widget-container\">\n\t\t\t\t\t\t\t\t\t\t\t\t\t\t\t<img decoding=\"async\" width=\"300\" height=\"300\" src=\"https:\/\/mediasupply.eu\/wp-content\/uploads\/2022\/08\/daten-300x300.png\" class=\"attachment-medium size-medium wp-image-1410\" alt=\"\" srcset=\"https:\/\/mediasupply.eu\/wp-content\/uploads\/2022\/08\/daten-300x300.png 300w, https:\/\/mediasupply.eu\/wp-content\/uploads\/2022\/08\/daten-150x150.png 150w, https:\/\/mediasupply.eu\/wp-content\/uploads\/2022\/08\/daten.png 637w\" sizes=\"(max-width: 300px) 100vw, 300px\" \/>\t\t\t\t\t\t\t\t\t\t\t\t\t\t\t<\/div>\n\t\t\t\t<\/div>\n\t\t\t\t<div class=\"elementor-element elementor-element-b2eb167 elementor-widget elementor-widget-heading\" data-id=\"b2eb167\" data-element_type=\"widget\" data-widget_type=\"heading.default\">\n\t\t\t\t<div class=\"elementor-widget-container\">\n\t\t\t\t\t<h5 class=\"elementor-heading-title elementor-size-default\">2.<\/h5>\t\t\t\t<\/div>\n\t\t\t\t<\/div>\n\t\t\t\t<div class=\"elementor-element elementor-element-9f8dba0 elementor-widget elementor-widget-text-editor\" data-id=\"9f8dba0\" data-element_type=\"widget\" data-widget_type=\"text-editor.default\">\n\t\t\t\t<div class=\"elementor-widget-container\">\n\t\t\t\t\t\t\t\t\t<p class=\"p1\">A continuaci\u00f3n, se realiza la exportaci\u00f3n completa de los datos de imagen disponibles, preferiblemente mediante FTP push, aunque tambi\u00e9n es posible mediante FTP pull, previo acuerdo.<\/p>\t\t\t\t\t\t\t\t<\/div>\n\t\t\t\t<\/div>\n\t\t\t\t<\/div>\n\t\t<div class=\"elementor-element elementor-element-9ed4e3b e-con-full e-flex e-con e-child\" data-id=\"9ed4e3b\" data-element_type=\"container\">\n\t\t\t\t<div class=\"elementor-element elementor-element-4202394 elementor-widget elementor-widget-image\" data-id=\"4202394\" data-element_type=\"widget\" data-widget_type=\"image.default\">\n\t\t\t\t<div class=\"elementor-widget-container\">\n\t\t\t\t\t\t\t\t\t\t\t\t\t\t\t<img decoding=\"async\" width=\"300\" height=\"300\" src=\"https:\/\/mediasupply.eu\/wp-content\/uploads\/2022\/08\/www-300x300.png\" class=\"attachment-medium size-medium wp-image-1415\" alt=\"\" srcset=\"https:\/\/mediasupply.eu\/wp-content\/uploads\/2022\/08\/www-300x300.png 300w, https:\/\/mediasupply.eu\/wp-content\/uploads\/2022\/08\/www-150x150.png 150w, https:\/\/mediasupply.eu\/wp-content\/uploads\/2022\/08\/www.png 637w\" sizes=\"(max-width: 300px) 100vw, 300px\" \/>\t\t\t\t\t\t\t\t\t\t\t\t\t\t\t<\/div>\n\t\t\t\t<\/div>\n\t\t\t\t<div class=\"elementor-element elementor-element-37f999d elementor-widget elementor-widget-heading\" data-id=\"37f999d\" data-element_type=\"widget\" data-widget_type=\"heading.default\">\n\t\t\t\t<div class=\"elementor-widget-container\">\n\t\t\t\t\t<h5 class=\"elementor-heading-title elementor-size-default\">3.<\/h5>\t\t\t\t<\/div>\n\t\t\t\t<\/div>\n\t\t\t\t<div class=\"elementor-element elementor-element-d0d1db4 elementor-widget elementor-widget-text-editor\" data-id=\"d0d1db4\" data-element_type=\"widget\" data-widget_type=\"text-editor.default\">\n\t\t\t\t<div class=\"elementor-widget-container\">\n\t\t\t\t\t\t\t\t\t<p class=\"p1\">Despu\u00e9s de importar los datos en su tienda web, puede comenzar inmediatamente con su marketing online.<\/p>\t\t\t\t\t\t\t\t<\/div>\n\t\t\t\t<\/div>\n\t\t\t\t<\/div>\n\t\t<div class=\"elementor-element elementor-element-1b0aca3 e-con-full e-flex e-con e-child\" data-id=\"1b0aca3\" data-element_type=\"container\">\n\t\t\t\t<div class=\"elementor-element elementor-element-30c1de0 elementor-widget elementor-widget-image\" data-id=\"30c1de0\" data-element_type=\"widget\" data-widget_type=\"image.default\">\n\t\t\t\t<div class=\"elementor-widget-container\">\n\t\t\t\t\t\t\t\t\t\t\t\t\t\t\t<img loading=\"lazy\" decoding=\"async\" width=\"300\" height=\"300\" src=\"https:\/\/mediasupply.eu\/wp-content\/uploads\/2022\/08\/update-300x300.png\" class=\"attachment-medium size-medium wp-image-1420\" alt=\"\" srcset=\"https:\/\/mediasupply.eu\/wp-content\/uploads\/2022\/08\/update-300x300.png 300w, https:\/\/mediasupply.eu\/wp-content\/uploads\/2022\/08\/update-150x150.png 150w, https:\/\/mediasupply.eu\/wp-content\/uploads\/2022\/08\/update.png 637w\" sizes=\"(max-width: 300px) 100vw, 300px\" \/>\t\t\t\t\t\t\t\t\t\t\t\t\t\t\t<\/div>\n\t\t\t\t<\/div>\n\t\t\t\t<div class=\"elementor-element elementor-element-c5fdabd elementor-widget elementor-widget-heading\" data-id=\"c5fdabd\" data-element_type=\"widget\" data-widget_type=\"heading.default\">\n\t\t\t\t<div class=\"elementor-widget-container\">\n\t\t\t\t\t<h5 class=\"elementor-heading-title elementor-size-default\">4.<\/h5>\t\t\t\t<\/div>\n\t\t\t\t<\/div>\n\t\t\t\t<div class=\"elementor-element elementor-element-3a65e39 elementor-widget elementor-widget-text-editor\" data-id=\"3a65e39\" data-element_type=\"widget\" data-widget_type=\"text-editor.default\">\n\t\t\t\t<div class=\"elementor-widget-container\">\n\t\t\t\t\t\t\t\t\t<p class=\"p1\">Recibir\u00e1 autom\u00e1ticamente <b>actualizaciones peri\u00f3dicas<\/b> de sus datos. Tenga en cuenta que su servidor FTP debe estar siempre disponible.<span class=\"Apple-converted-space\"> <\/span><\/p>\t\t\t\t\t\t\t\t<\/div>\n\t\t\t\t<\/div>\n\t\t\t\t<\/div>\n\t\t\t\t\t<\/div>\n\t\t\t\t<\/div>\n\t\t<div class=\"elementor-element elementor-element-f661b29 e-flex e-con-boxed e-con e-parent\" data-id=\"f661b29\" data-element_type=\"container\">\n\t\t\t\t\t<div class=\"e-con-inner\">\n\t\t\t\t<div class=\"elementor-element elementor-element-1ff83e3 elementor-widget elementor-widget-heading\" data-id=\"1ff83e3\" data-element_type=\"widget\" data-widget_type=\"heading.default\">\n\t\t\t\t<div class=\"elementor-widget-container\">\n\t\t\t\t\t<h2 class=\"elementor-heading-title elementor-size-default\">Elija MediaSupply<\/h2>\t\t\t\t<\/div>\n\t\t\t\t<\/div>\n\t\t\t\t<div class=\"elementor-element elementor-element-120b591 elementor-widget elementor-widget-text-editor\" data-id=\"120b591\" data-element_type=\"widget\" data-widget_type=\"text-editor.default\">\n\t\t\t\t<div class=\"elementor-widget-container\">\n\t\t\t\t\t\t\t\t\t<p class=\"p1\">Conc\u00e9ntrese en su negocio principal y use MediaSupply para expandir y mejorar constantemente su gama de productos.<br><strong>Estaremos encantados de ayudarle<\/strong><\/p>\t\t\t\t\t\t\t\t<\/div>\n\t\t\t\t<\/div>\n\t\t\t\t<div class=\"elementor-element elementor-element-fd21ce1 elementor-align-center elementor-widget elementor-widget-button\" data-id=\"fd21ce1\" data-element_type=\"widget\" data-widget_type=\"button.default\">\n\t\t\t\t<div class=\"elementor-widget-container\">\n\t\t\t\t\t\t\t\t\t<div class=\"elementor-button-wrapper\">\n\t\t\t\t\t<a class=\"elementor-button elementor-button-link elementor-size-sm\" href=\"https:\/\/mediasupply.eu\/es\/contactenos\/\">\n\t\t\t\t\t\t<span class=\"elementor-button-content-wrapper\">\n\t\t\t\t\t\t\t\t\t<span class=\"elementor-button-text\">Solicitar una consulta gratuita<\/span>\n\t\t\t\t\t<\/span>\n\t\t\t\t\t<\/a>\n\t\t\t\t<\/div>\n\t\t\t\t\t\t\t\t<\/div>\n\t\t\t\t<\/div>\n\t\t\t\t\t<\/div>\n\t\t\t\t<\/div>\n\t\t<div class=\"elementor-element elementor-element-4d9a858 e-flex e-con-boxed e-con e-parent\" data-id=\"4d9a858\" data-element_type=\"container\" data-settings=\"{&quot;background_background&quot;:&quot;classic&quot;}\">\n\t\t\t\t\t<div class=\"e-con-inner\">\n\t\t<div class=\"elementor-element elementor-element-cc02bfb e-con-full e-flex e-con e-child\" data-id=\"cc02bfb\" data-element_type=\"container\" data-settings=\"{&quot;background_background&quot;:&quot;classic&quot;}\">\n\t\t\t\t<div class=\"elementor-element elementor-element-55dc816 elementor-widget elementor-widget-heading\" data-id=\"55dc816\" data-element_type=\"widget\" data-widget_type=\"heading.default\">\n\t\t\t\t<div class=\"elementor-widget-container\">\n\t\t\t\t\t<h2 class=\"elementor-heading-title elementor-size-default\">Incremente su facturaci\u00f3n<\/h2>\t\t\t\t<\/div>\n\t\t\t\t<\/div>\n\t\t\t\t<div class=\"elementor-element elementor-element-3df2ee2 elementor-widget elementor-widget-text-editor\" data-id=\"3df2ee2\" data-element_type=\"widget\" data-widget_type=\"text-editor.default\">\n\t\t\t\t<div class=\"elementor-widget-container\">\n\t\t\t\t\t\t\t\t\t<p class=\"p1\">La expansi\u00f3n del surtido genera m\u00e1s tr\u00e1fico en su tienda online y esto significa un aumento en sus ventas y tambi\u00e9n una mayor facturaci\u00f3n.<\/p>\t\t\t\t\t\t\t\t<\/div>\n\t\t\t\t<\/div>\n\t\t\t\t<div class=\"elementor-element elementor-element-c1d1428 elementor-widget elementor-widget-image\" data-id=\"c1d1428\" data-element_type=\"widget\" data-widget_type=\"image.default\">\n\t\t\t\t<div class=\"elementor-widget-container\">\n\t\t\t\t\t\t\t\t\t\t\t\t\t\t\t<img loading=\"lazy\" decoding=\"async\" width=\"1601\" height=\"1001\" src=\"https:\/\/mediasupply.eu\/wp-content\/uploads\/2022\/08\/Animation_Umsatz.gif\" class=\"attachment-full size-full wp-image-1425\" alt=\"\" \/>\t\t\t\t\t\t\t\t\t\t\t\t\t\t\t<\/div>\n\t\t\t\t<\/div>\n\t\t\t\t<\/div>\n\t\t<div class=\"elementor-element elementor-element-ffb7c6c e-con-full e-flex e-con e-child\" data-id=\"ffb7c6c\" data-element_type=\"container\" data-settings=\"{&quot;background_background&quot;:&quot;classic&quot;}\">\n\t\t\t\t<div class=\"elementor-element elementor-element-22ca7f2 elementor-widget elementor-widget-heading\" data-id=\"22ca7f2\" data-element_type=\"widget\" data-widget_type=\"heading.default\">\n\t\t\t\t<div class=\"elementor-widget-container\">\n\t\t\t\t\t<h2 class=\"elementor-heading-title elementor-size-default\">40 a\u00f1os de experiencia<\/h2>\t\t\t\t<\/div>\n\t\t\t\t<\/div>\n\t\t\t\t<div class=\"elementor-element elementor-element-7092978 elementor-widget elementor-widget-heading\" data-id=\"7092978\" data-element_type=\"widget\" data-widget_type=\"heading.default\">\n\t\t\t\t<div class=\"elementor-widget-container\">\n\t\t\t\t\t<h5 class=\"elementor-heading-title elementor-size-default\">Benef\u00edciese del know-how de nuestros\nespecialistas de productos.<\/h5>\t\t\t\t<\/div>\n\t\t\t\t<\/div>\n\t\t\t\t<div class=\"elementor-element elementor-element-80e5b74 elementor-widget elementor-widget-text-editor\" data-id=\"80e5b74\" data-element_type=\"widget\" data-widget_type=\"text-editor.default\">\n\t\t\t\t<div class=\"elementor-widget-container\">\n\t\t\t\t\t\t\t\t\t<p class=\"p1\">Nuestra experiencia de 40 a\u00f1os en el mercado es lo que nos diferencia. Buscamos constantemente nuevos productos y grupos de productos para ampliar su surtido y mantenerlo actualizado<\/p>\t\t\t\t\t\t\t\t<\/div>\n\t\t\t\t<\/div>\n\t\t\t\t<\/div>\n\t\t\t\t\t<\/div>\n\t\t\t\t<\/div>\n\t\t\t\t<\/div>\n\t\t","protected":false},"excerpt":{"rendered":"<p>F\u00e1cil de implementar. Alcance el \u00e9xito en pocos pasos. 1. Firmamos un acuerdo por escrito. 2. A continuaci\u00f3n, se realiza la exportaci\u00f3n completa de los datos de imagen disponibles, preferiblemente mediante FTP push, aunque tambi\u00e9n es posible mediante FTP pull, previo acuerdo. 3. Despu\u00e9s de importar los datos en su tienda web, puede comenzar inmediatamente [&hellip;]<\/p>\n","protected":false},"author":1,"featured_media":0,"parent":0,"menu_order":0,"comment_status":"closed","ping_status":"closed","template":"","meta":{"footnotes":""},"class_list":["post-1544","page","type-page","status-publish","hentry"],"_links":{"self":[{"href":"https:\/\/mediasupply.eu\/es\/wp-json\/wp\/v2\/pages\/1544","targetHints":{"allow":["GET"]}}],"collection":[{"href":"https:\/\/mediasupply.eu\/es\/wp-json\/wp\/v2\/pages"}],"about":[{"href":"https:\/\/mediasupply.eu\/es\/wp-json\/wp\/v2\/types\/page"}],"author":[{"embeddable":true,"href":"https:\/\/mediasupply.eu\/es\/wp-json\/wp\/v2\/users\/1"}],"replies":[{"embeddable":true,"href":"https:\/\/mediasupply.eu\/es\/wp-json\/wp\/v2\/comments?post=1544"}],"version-history":[{"count":13,"href":"https:\/\/mediasupply.eu\/es\/wp-json\/wp\/v2\/pages\/1544\/revisions"}],"predecessor-version":[{"id":3570,"href":"https:\/\/mediasupply.eu\/es\/wp-json\/wp\/v2\/pages\/1544\/revisions\/3570"}],"wp:attachment":[{"href":"https:\/\/mediasupply.eu\/es\/wp-json\/wp\/v2\/media?parent=1544"}],"curies":[{"name":"wp","href":"https:\/\/api.w.org\/{rel}","templated":true}]}}