{"id":1525,"date":"2022-08-15T19:36:00","date_gmt":"2022-08-15T17:36:00","guid":{"rendered":"https:\/\/mediasupply.zelantic.com\/cest-comme-ca-que-ca-marche\/"},"modified":"2026-02-09T08:18:17","modified_gmt":"2026-02-09T07:18:17","slug":"cest-comme-ca-que-ca-marche","status":"publish","type":"page","link":"https:\/\/mediasupply.eu\/fr\/cest-comme-ca-que-ca-marche\/","title":{"rendered":"C&rsquo;est comme \u00e7a que \u00e7a marche"},"content":{"rendered":"\t\t<div data-elementor-type=\"wp-page\" data-elementor-id=\"1525\" class=\"elementor elementor-1525 elementor-62\" data-elementor-post-type=\"page\">\n\t\t\t\t<div class=\"elementor-element elementor-element-f8aa732 e-flex e-con-boxed e-con e-parent\" data-id=\"f8aa732\" data-element_type=\"container\">\n\t\t\t\t\t<div class=\"e-con-inner\">\n\t\t\t\t<div class=\"elementor-element elementor-element-7106bcb elementor-widget elementor-widget-heading\" data-id=\"7106bcb\" data-element_type=\"widget\" data-widget_type=\"heading.default\">\n\t\t\t\t<div class=\"elementor-widget-container\">\n\t\t\t\t\t<h2 class=\"elementor-heading-title elementor-size-default\">Facile \u00e0 mettre en \u0153uvre.<\/h2>\t\t\t\t<\/div>\n\t\t\t\t<\/div>\n\t\t\t\t<div class=\"elementor-element elementor-element-a8de21d elementor-widget elementor-widget-heading\" data-id=\"a8de21d\" data-element_type=\"widget\" data-widget_type=\"heading.default\">\n\t\t\t\t<div class=\"elementor-widget-container\">\n\t\t\t\t\t<h2 class=\"elementor-heading-title elementor-size-default\">\u00c9tape par \u00e9tape.<\/h2>\t\t\t\t<\/div>\n\t\t\t\t<\/div>\n\t\t\t\t\t<\/div>\n\t\t\t\t<\/div>\n\t\t<div class=\"elementor-element elementor-element-4bfa9ea e-flex e-con-boxed e-con e-parent\" data-id=\"4bfa9ea\" data-element_type=\"container\" data-settings=\"{&quot;background_background&quot;:&quot;classic&quot;}\">\n\t\t\t\t\t<div class=\"e-con-inner\">\n\t\t<div class=\"elementor-element elementor-element-260b016 e-con-full e-flex e-con e-child\" data-id=\"260b016\" data-element_type=\"container\">\n\t\t\t\t<div class=\"elementor-element elementor-element-7f8e160 elementor-widget elementor-widget-image\" data-id=\"7f8e160\" data-element_type=\"widget\" data-widget_type=\"image.default\">\n\t\t\t\t<div class=\"elementor-widget-container\">\n\t\t\t\t\t\t\t\t\t\t\t\t\t\t\t<img fetchpriority=\"high\" decoding=\"async\" width=\"300\" height=\"300\" src=\"https:\/\/mediasupply.eu\/wp-content\/uploads\/2022\/08\/testdatei-300x300.png\" class=\"attachment-medium size-medium wp-image-1403\" alt=\"\" srcset=\"https:\/\/mediasupply.eu\/wp-content\/uploads\/2022\/08\/testdatei-300x300.png 300w, https:\/\/mediasupply.eu\/wp-content\/uploads\/2022\/08\/testdatei-150x150.png 150w, https:\/\/mediasupply.eu\/wp-content\/uploads\/2022\/08\/testdatei.png 637w\" sizes=\"(max-width: 300px) 100vw, 300px\" \/>\t\t\t\t\t\t\t\t\t\t\t\t\t\t\t<\/div>\n\t\t\t\t<\/div>\n\t\t\t\t<div class=\"elementor-element elementor-element-5d474fe elementor-widget elementor-widget-heading\" data-id=\"5d474fe\" data-element_type=\"widget\" data-widget_type=\"heading.default\">\n\t\t\t\t<div class=\"elementor-widget-container\">\n\t\t\t\t\t<h5 class=\"elementor-heading-title elementor-size-default\">1.<\/h5>\t\t\t\t<\/div>\n\t\t\t\t<\/div>\n\t\t\t\t<div class=\"elementor-element elementor-element-2809a04 elementor-widget elementor-widget-text-editor\" data-id=\"2809a04\" data-element_type=\"widget\" data-widget_type=\"text-editor.default\">\n\t\t\t\t<div class=\"elementor-widget-container\">\n\t\t\t\t\t\t\t\t\t<p class=\"p1\">Nous concluons un accord \u00e9crit.<\/p>\t\t\t\t\t\t\t\t<\/div>\n\t\t\t\t<\/div>\n\t\t\t\t<\/div>\n\t\t<div class=\"elementor-element elementor-element-a78d740 e-con-full e-flex e-con e-child\" data-id=\"a78d740\" data-element_type=\"container\">\n\t\t\t\t<div class=\"elementor-element elementor-element-28a2f3f elementor-widget elementor-widget-image\" data-id=\"28a2f3f\" data-element_type=\"widget\" data-widget_type=\"image.default\">\n\t\t\t\t<div class=\"elementor-widget-container\">\n\t\t\t\t\t\t\t\t\t\t\t\t\t\t\t<img decoding=\"async\" width=\"300\" height=\"300\" src=\"https:\/\/mediasupply.eu\/wp-content\/uploads\/2022\/08\/daten-300x300.png\" class=\"attachment-medium size-medium wp-image-1408\" alt=\"\" srcset=\"https:\/\/mediasupply.eu\/wp-content\/uploads\/2022\/08\/daten-300x300.png 300w, https:\/\/mediasupply.eu\/wp-content\/uploads\/2022\/08\/daten-150x150.png 150w, https:\/\/mediasupply.eu\/wp-content\/uploads\/2022\/08\/daten.png 637w\" sizes=\"(max-width: 300px) 100vw, 300px\" \/>\t\t\t\t\t\t\t\t\t\t\t\t\t\t\t<\/div>\n\t\t\t\t<\/div>\n\t\t\t\t<div class=\"elementor-element elementor-element-b2eb167 elementor-widget elementor-widget-heading\" data-id=\"b2eb167\" data-element_type=\"widget\" data-widget_type=\"heading.default\">\n\t\t\t\t<div class=\"elementor-widget-container\">\n\t\t\t\t\t<h5 class=\"elementor-heading-title elementor-size-default\">2.<\/h5>\t\t\t\t<\/div>\n\t\t\t\t<\/div>\n\t\t\t\t<div class=\"elementor-element elementor-element-9f8dba0 elementor-widget elementor-widget-text-editor\" data-id=\"9f8dba0\" data-element_type=\"widget\" data-widget_type=\"text-editor.default\">\n\t\t\t\t<div class=\"elementor-widget-container\">\n\t\t\t\t\t\t\t\t\t<p class=\"p1\">Ensuite, l&rsquo;exportation compl\u00e8te des donn\u00e9es d&rsquo;image existantes est effectu\u00e9e, de pr\u00e9f\u00e9rence via FTP Push \u2013 ou FTP Pull apr\u00e8s accord.<\/p>\t\t\t\t\t\t\t\t<\/div>\n\t\t\t\t<\/div>\n\t\t\t\t<\/div>\n\t\t<div class=\"elementor-element elementor-element-9ed4e3b e-con-full e-flex e-con e-child\" data-id=\"9ed4e3b\" data-element_type=\"container\">\n\t\t\t\t<div class=\"elementor-element elementor-element-4202394 elementor-widget elementor-widget-image\" data-id=\"4202394\" data-element_type=\"widget\" data-widget_type=\"image.default\">\n\t\t\t\t<div class=\"elementor-widget-container\">\n\t\t\t\t\t\t\t\t\t\t\t\t\t\t\t<img decoding=\"async\" width=\"300\" height=\"300\" src=\"https:\/\/mediasupply.eu\/wp-content\/uploads\/2022\/08\/www-300x300.png\" class=\"attachment-medium size-medium wp-image-1413\" alt=\"\" srcset=\"https:\/\/mediasupply.eu\/wp-content\/uploads\/2022\/08\/www-300x300.png 300w, https:\/\/mediasupply.eu\/wp-content\/uploads\/2022\/08\/www-150x150.png 150w, https:\/\/mediasupply.eu\/wp-content\/uploads\/2022\/08\/www.png 637w\" sizes=\"(max-width: 300px) 100vw, 300px\" \/>\t\t\t\t\t\t\t\t\t\t\t\t\t\t\t<\/div>\n\t\t\t\t<\/div>\n\t\t\t\t<div class=\"elementor-element elementor-element-37f999d elementor-widget elementor-widget-heading\" data-id=\"37f999d\" data-element_type=\"widget\" data-widget_type=\"heading.default\">\n\t\t\t\t<div class=\"elementor-widget-container\">\n\t\t\t\t\t<h5 class=\"elementor-heading-title elementor-size-default\">3.<\/h5>\t\t\t\t<\/div>\n\t\t\t\t<\/div>\n\t\t\t\t<div class=\"elementor-element elementor-element-d0d1db4 elementor-widget elementor-widget-text-editor\" data-id=\"d0d1db4\" data-element_type=\"widget\" data-widget_type=\"text-editor.default\">\n\t\t\t\t<div class=\"elementor-widget-container\">\n\t\t\t\t\t\t\t\t\t<p class=\"p1\">Import des donn\u00e9es dans votre boutique en ligne et lancement de votre activit\u00e9 commerciale.<\/p>\t\t\t\t\t\t\t\t<\/div>\n\t\t\t\t<\/div>\n\t\t\t\t<\/div>\n\t\t<div class=\"elementor-element elementor-element-1b0aca3 e-con-full e-flex e-con e-child\" data-id=\"1b0aca3\" data-element_type=\"container\">\n\t\t\t\t<div class=\"elementor-element elementor-element-30c1de0 elementor-widget elementor-widget-image\" data-id=\"30c1de0\" data-element_type=\"widget\" data-widget_type=\"image.default\">\n\t\t\t\t<div class=\"elementor-widget-container\">\n\t\t\t\t\t\t\t\t\t\t\t\t\t\t\t<img loading=\"lazy\" decoding=\"async\" width=\"300\" height=\"300\" src=\"https:\/\/mediasupply.eu\/wp-content\/uploads\/2022\/08\/update-300x300.png\" class=\"attachment-medium size-medium wp-image-1418\" alt=\"\" srcset=\"https:\/\/mediasupply.eu\/wp-content\/uploads\/2022\/08\/update-300x300.png 300w, https:\/\/mediasupply.eu\/wp-content\/uploads\/2022\/08\/update-150x150.png 150w, https:\/\/mediasupply.eu\/wp-content\/uploads\/2022\/08\/update.png 637w\" sizes=\"(max-width: 300px) 100vw, 300px\" \/>\t\t\t\t\t\t\t\t\t\t\t\t\t\t\t<\/div>\n\t\t\t\t<\/div>\n\t\t\t\t<div class=\"elementor-element elementor-element-c5fdabd elementor-widget elementor-widget-heading\" data-id=\"c5fdabd\" data-element_type=\"widget\" data-widget_type=\"heading.default\">\n\t\t\t\t<div class=\"elementor-widget-container\">\n\t\t\t\t\t<h5 class=\"elementor-heading-title elementor-size-default\">4.<\/h5>\t\t\t\t<\/div>\n\t\t\t\t<\/div>\n\t\t\t\t<div class=\"elementor-element elementor-element-3a65e39 elementor-widget elementor-widget-text-editor\" data-id=\"3a65e39\" data-element_type=\"widget\" data-widget_type=\"text-editor.default\">\n\t\t\t\t<div class=\"elementor-widget-container\">\n\t\t\t\t\t\t\t\t\t<p class=\"p1\">Export <b>r\u00e9gulier<\/b> des donn\u00e9es sur votre serveur. Veillez \u00e0 ce que celui-ci soit toujours accessible.<span class=\"Apple-converted-space\"> <\/span><\/p>\t\t\t\t\t\t\t\t<\/div>\n\t\t\t\t<\/div>\n\t\t\t\t<\/div>\n\t\t\t\t\t<\/div>\n\t\t\t\t<\/div>\n\t\t<div class=\"elementor-element elementor-element-f661b29 e-flex e-con-boxed e-con e-parent\" data-id=\"f661b29\" data-element_type=\"container\">\n\t\t\t\t\t<div class=\"e-con-inner\">\n\t\t\t\t<div class=\"elementor-element elementor-element-1ff83e3 elementor-widget elementor-widget-heading\" data-id=\"1ff83e3\" data-element_type=\"widget\" data-widget_type=\"heading.default\">\n\t\t\t\t<div class=\"elementor-widget-container\">\n\t\t\t\t\t<h2 class=\"elementor-heading-title elementor-size-default\">D\u00e9cidez-vous POUR le MediaSupply<\/h2>\t\t\t\t<\/div>\n\t\t\t\t<\/div>\n\t\t\t\t<div class=\"elementor-element elementor-element-120b591 elementor-widget elementor-widget-text-editor\" data-id=\"120b591\" data-element_type=\"widget\" data-widget_type=\"text-editor.default\">\n\t\t\t\t<div class=\"elementor-widget-container\">\n\t\t\t\t\t\t\t\t\t<p class=\"p1\">Concentrez-vous sur votre c\u0153ur de m\u00e9tier et utilisez le MediaSupply pour \u00e9largir et am\u00e9liorer r\u00e9guli\u00e8rement votre gamme de produits.<\/p>\t\t\t\t\t\t\t\t<\/div>\n\t\t\t\t<\/div>\n\t\t\t\t<div class=\"elementor-element elementor-element-fd21ce1 elementor-align-center elementor-widget elementor-widget-button\" data-id=\"fd21ce1\" data-element_type=\"widget\" data-widget_type=\"button.default\">\n\t\t\t\t<div class=\"elementor-widget-container\">\n\t\t\t\t\t\t\t\t\t<div class=\"elementor-button-wrapper\">\n\t\t\t\t\t<a class=\"elementor-button elementor-button-link elementor-size-sm\" href=\"https:\/\/mediasupply.eu\/fr\/faites-vous-conseiller-gratuitement\/\">\n\t\t\t\t\t\t<span class=\"elementor-button-content-wrapper\">\n\t\t\t\t\t\t\t\t\t<span class=\"elementor-button-text\">Obtenez une consultation gratuite maintenant<\/span>\n\t\t\t\t\t<\/span>\n\t\t\t\t\t<\/a>\n\t\t\t\t<\/div>\n\t\t\t\t\t\t\t\t<\/div>\n\t\t\t\t<\/div>\n\t\t\t\t\t<\/div>\n\t\t\t\t<\/div>\n\t\t<div class=\"elementor-element elementor-element-4d9a858 e-flex e-con-boxed e-con e-parent\" data-id=\"4d9a858\" data-element_type=\"container\" data-settings=\"{&quot;background_background&quot;:&quot;classic&quot;}\">\n\t\t\t\t\t<div class=\"e-con-inner\">\n\t\t<div class=\"elementor-element elementor-element-cc02bfb e-con-full e-flex e-con e-child\" data-id=\"cc02bfb\" data-element_type=\"container\" data-settings=\"{&quot;background_background&quot;:&quot;classic&quot;}\">\n\t\t\t\t<div class=\"elementor-element elementor-element-55dc816 elementor-widget elementor-widget-heading\" data-id=\"55dc816\" data-element_type=\"widget\" data-widget_type=\"heading.default\">\n\t\t\t\t<div class=\"elementor-widget-container\">\n\t\t\t\t\t<h2 class=\"elementor-heading-title elementor-size-default\">Augmenter le chiffre d'affaires<\/h2>\t\t\t\t<\/div>\n\t\t\t\t<\/div>\n\t\t\t\t<div class=\"elementor-element elementor-element-3df2ee2 elementor-widget elementor-widget-text-editor\" data-id=\"3df2ee2\" data-element_type=\"widget\" data-widget_type=\"text-editor.default\">\n\t\t\t\t<div class=\"elementor-widget-container\">\n\t\t\t\t\t\t\t\t\t<p class=\"p1\">Plus vous proposez d\u2019articles, plus les visites se multiplient et plus vous augmentez votre chiffre d\u2019affaires.<\/p>\t\t\t\t\t\t\t\t<\/div>\n\t\t\t\t<\/div>\n\t\t\t\t<div class=\"elementor-element elementor-element-c1d1428 elementor-widget elementor-widget-image\" data-id=\"c1d1428\" data-element_type=\"widget\" data-widget_type=\"image.default\">\n\t\t\t\t<div class=\"elementor-widget-container\">\n\t\t\t\t\t\t\t\t\t\t\t\t\t\t\t<img loading=\"lazy\" decoding=\"async\" width=\"1601\" height=\"1001\" src=\"https:\/\/mediasupply.eu\/wp-content\/uploads\/2022\/08\/Animation_Umsatz.gif\" class=\"attachment-full size-full wp-image-1423\" alt=\"\" \/>\t\t\t\t\t\t\t\t\t\t\t\t\t\t\t<\/div>\n\t\t\t\t<\/div>\n\t\t\t\t<\/div>\n\t\t<div class=\"elementor-element elementor-element-ffb7c6c e-con-full e-flex e-con e-child\" data-id=\"ffb7c6c\" data-element_type=\"container\" data-settings=\"{&quot;background_background&quot;:&quot;classic&quot;}\">\n\t\t\t\t<div class=\"elementor-element elementor-element-22ca7f2 elementor-widget elementor-widget-heading\" data-id=\"22ca7f2\" data-element_type=\"widget\" data-widget_type=\"heading.default\">\n\t\t\t\t<div class=\"elementor-widget-container\">\n\t\t\t\t\t<h2 class=\"elementor-heading-title elementor-size-default\">40 ans d'exp\u00e9rience<\/h2>\t\t\t\t<\/div>\n\t\t\t\t<\/div>\n\t\t\t\t<div class=\"elementor-element elementor-element-7092978 elementor-widget elementor-widget-heading\" data-id=\"7092978\" data-element_type=\"widget\" data-widget_type=\"heading.default\">\n\t\t\t\t<div class=\"elementor-widget-container\">\n\t\t\t\t\t<h5 class=\"elementor-heading-title elementor-size-default\">Profitez du savoir-faire de nos\nsp\u00e9cialistes produits.<\/h5>\t\t\t\t<\/div>\n\t\t\t\t<\/div>\n\t\t\t\t<div class=\"elementor-element elementor-element-80e5b74 elementor-widget elementor-widget-text-editor\" data-id=\"80e5b74\" data-element_type=\"widget\" data-widget_type=\"text-editor.default\">\n\t\t\t\t<div class=\"elementor-widget-container\">\n\t\t\t\t\t\t\t\t\t<p class=\"p1\">Notre longue exp\u00e9rience est ce qui nous distingue de la concurrence. Nous sommes constamment \u00e0 la recherche de nouveaux produits et groupes de produits pour \u00e9largir votre gamme et la maintenir \u00e0 jour.<\/p>\t\t\t\t\t\t\t\t<\/div>\n\t\t\t\t<\/div>\n\t\t\t\t<\/div>\n\t\t\t\t\t<\/div>\n\t\t\t\t<\/div>\n\t\t\t\t<\/div>\n\t\t","protected":false},"excerpt":{"rendered":"<p>Facile \u00e0 mettre en \u0153uvre. \u00c9tape par \u00e9tape. 1. Nous concluons un accord \u00e9crit. 2. Ensuite, l&rsquo;exportation compl\u00e8te des donn\u00e9es d&rsquo;image existantes est effectu\u00e9e, de pr\u00e9f\u00e9rence via FTP Push \u2013 ou FTP Pull apr\u00e8s accord. 3. Import des donn\u00e9es dans votre boutique en ligne et lancement de votre activit\u00e9 commerciale. 4. Export r\u00e9gulier des donn\u00e9es [&hellip;]<\/p>\n","protected":false},"author":1,"featured_media":0,"parent":0,"menu_order":0,"comment_status":"closed","ping_status":"closed","template":"","meta":{"footnotes":""},"class_list":["post-1525","page","type-page","status-publish","hentry"],"_links":{"self":[{"href":"https:\/\/mediasupply.eu\/fr\/wp-json\/wp\/v2\/pages\/1525","targetHints":{"allow":["GET"]}}],"collection":[{"href":"https:\/\/mediasupply.eu\/fr\/wp-json\/wp\/v2\/pages"}],"about":[{"href":"https:\/\/mediasupply.eu\/fr\/wp-json\/wp\/v2\/types\/page"}],"author":[{"embeddable":true,"href":"https:\/\/mediasupply.eu\/fr\/wp-json\/wp\/v2\/users\/1"}],"replies":[{"embeddable":true,"href":"https:\/\/mediasupply.eu\/fr\/wp-json\/wp\/v2\/comments?post=1525"}],"version-history":[{"count":11,"href":"https:\/\/mediasupply.eu\/fr\/wp-json\/wp\/v2\/pages\/1525\/revisions"}],"predecessor-version":[{"id":3561,"href":"https:\/\/mediasupply.eu\/fr\/wp-json\/wp\/v2\/pages\/1525\/revisions\/3561"}],"wp:attachment":[{"href":"https:\/\/mediasupply.eu\/fr\/wp-json\/wp\/v2\/media?parent=1525"}],"curies":[{"name":"wp","href":"https:\/\/api.w.org\/{rel}","templated":true}]}}