{"id":1607,"date":"2022-08-15T19:36:00","date_gmt":"2022-08-15T17:36:00","guid":{"rendered":"https:\/\/mediasupply.zelantic.com\/aviso-legal\/"},"modified":"2023-05-03T13:33:48","modified_gmt":"2023-05-03T11:33:48","slug":"aviso-legal","status":"publish","type":"page","link":"https:\/\/mediasupply.eu\/fr\/aviso-legal\/","title":{"rendered":"Aviso legal"},"content":{"rendered":"\t\t<div data-elementor-type=\"wp-page\" data-elementor-id=\"1607\" class=\"elementor elementor-1607 elementor-66\" data-elementor-post-type=\"page\">\n\t\t\t\t<div class=\"elementor-element elementor-element-b434415 e-flex e-con-boxed e-con e-parent\" data-id=\"b434415\" data-element_type=\"container\">\n\t\t\t\t\t<div class=\"e-con-inner\">\n\t\t\t\t<div class=\"elementor-element elementor-element-358691e elementor-widget elementor-widget-image\" data-id=\"358691e\" data-element_type=\"widget\" data-widget_type=\"image.default\">\n\t\t\t\t<div class=\"elementor-widget-container\">\n\t\t\t\t\t\t\t\t\t\t\t\t\t\t\t<img fetchpriority=\"high\" decoding=\"async\" width=\"1920\" height=\"600\" src=\"https:\/\/mediasupply.eu\/wp-content\/uploads\/2022\/08\/MediaSupply_img-01_1920x600.png\" class=\"attachment-full size-full wp-image-1173\" alt=\"\" srcset=\"https:\/\/mediasupply.eu\/wp-content\/uploads\/2022\/08\/MediaSupply_img-01_1920x600.png 1920w, https:\/\/mediasupply.eu\/wp-content\/uploads\/2022\/08\/MediaSupply_img-01_1920x600-300x94.png 300w, https:\/\/mediasupply.eu\/wp-content\/uploads\/2022\/08\/MediaSupply_img-01_1920x600-1024x320.png 1024w, https:\/\/mediasupply.eu\/wp-content\/uploads\/2022\/08\/MediaSupply_img-01_1920x600-768x240.png 768w, https:\/\/mediasupply.eu\/wp-content\/uploads\/2022\/08\/MediaSupply_img-01_1920x600-1536x480.png 1536w\" sizes=\"(max-width: 1920px) 100vw, 1920px\" \/>\t\t\t\t\t\t\t\t\t\t\t\t\t\t\t<\/div>\n\t\t\t\t<\/div>\n\t\t\t\t\t<\/div>\n\t\t\t\t<\/div>\n\t\t<div class=\"elementor-element elementor-element-2ec49f2 e-flex e-con-boxed e-con e-parent\" data-id=\"2ec49f2\" data-element_type=\"container\">\n\t\t\t\t\t<div class=\"e-con-inner\">\n\t\t\t\t<div class=\"elementor-element elementor-element-57c8440 elementor-widget elementor-widget-heading\" data-id=\"57c8440\" data-element_type=\"widget\" data-widget_type=\"heading.default\">\n\t\t\t\t<div class=\"elementor-widget-container\">\n\t\t\t\t\t<h2 class=\"elementor-heading-title elementor-size-default\">Mentions l\u00e9gales<\/h2>\t\t\t\t<\/div>\n\t\t\t\t<\/div>\n\t\t\t\t<div class=\"elementor-element elementor-element-4a41a16 elementor-widget elementor-widget-heading\" data-id=\"4a41a16\" data-element_type=\"widget\" data-widget_type=\"heading.default\">\n\t\t\t\t<div class=\"elementor-widget-container\">\n\t\t\t\t\t<h5 class=\"elementor-heading-title elementor-size-default\">Adresse<\/h5>\t\t\t\t<\/div>\n\t\t\t\t<\/div>\n\t\t\t\t<div class=\"elementor-element elementor-element-e9d7587 elementor-widget elementor-widget-text-editor\" data-id=\"e9d7587\" data-element_type=\"widget\" data-widget_type=\"text-editor.default\">\n\t\t\t\t<div class=\"elementor-widget-container\">\n\t\t\t\t\t\t\t\t\t<p><strong>pro Foto Werbeagentur GmbH<\/strong><br \/>Alfred-Nobel-Str. 6<br \/>97080 W\u00fcrzburg Allemagne<br \/><span class=\"s4\">T\u00e9l<\/span><span class=\"s4\">.:<\/span> +49 931 \/ 9708-370<\/p><p>www.mediasupply.eu<br \/>E-mail: info@mediasupply.eu<\/p><p><span class=\"s4\">Registre<\/span><span class=\"s4\"> du <\/span><span class=\"s4\">commerce<\/span><span class=\"s4\">: <\/span>W\u00fcrzburg HRB 1006<\/p>\t\t\t\t\t\t\t\t<\/div>\n\t\t\t\t<\/div>\n\t\t\t\t<div class=\"elementor-element elementor-element-c5b16b0 elementor-widget elementor-widget-heading\" data-id=\"c5b16b0\" data-element_type=\"widget\" data-widget_type=\"heading.default\">\n\t\t\t\t<div class=\"elementor-widget-container\">\n\t\t\t\t\t<h5 class=\"elementor-heading-title elementor-size-default\">Direction g\u00e9n\u00e9rale<\/h5>\t\t\t\t<\/div>\n\t\t\t\t<\/div>\n\t\t\t\t<div class=\"elementor-element elementor-element-d7f25f7 elementor-widget elementor-widget-text-editor\" data-id=\"d7f25f7\" data-element_type=\"widget\" data-widget_type=\"text-editor.default\">\n\t\t\t\t<div class=\"elementor-widget-container\">\n\t\t\t\t\t\t\t\t\t<p>Rolf Duttenhofer<\/p><p><span class=\"s4\">N\u00b0 de TVA:<\/span> DE134177772<\/p>\t\t\t\t\t\t\t\t<\/div>\n\t\t\t\t<\/div>\n\t\t\t\t\t<\/div>\n\t\t\t\t<\/div>\n\t\t\t\t<\/div>\n\t\t","protected":false},"excerpt":{"rendered":"<p>Mentions l\u00e9gales Adresse pro Foto Werbeagentur GmbHAlfred-Nobel-Str. 697080 W\u00fcrzburg AllemagneT\u00e9l.: +49 931 \/ 9708-370 www.mediasupply.euE-mail: info@mediasupply.eu Registre du commerce: W\u00fcrzburg HRB 1006 Direction g\u00e9n\u00e9rale Rolf Duttenhofer N\u00b0 de TVA: DE134177772<\/p>\n","protected":false},"author":1,"featured_media":0,"parent":0,"menu_order":0,"comment_status":"closed","ping_status":"closed","template":"","meta":{"footnotes":""},"class_list":["post-1607","page","type-page","status-publish","hentry"],"_links":{"self":[{"href":"https:\/\/mediasupply.eu\/fr\/wp-json\/wp\/v2\/pages\/1607","targetHints":{"allow":["GET"]}}],"collection":[{"href":"https:\/\/mediasupply.eu\/fr\/wp-json\/wp\/v2\/pages"}],"about":[{"href":"https:\/\/mediasupply.eu\/fr\/wp-json\/wp\/v2\/types\/page"}],"author":[{"embeddable":true,"href":"https:\/\/mediasupply.eu\/fr\/wp-json\/wp\/v2\/users\/1"}],"replies":[{"embeddable":true,"href":"https:\/\/mediasupply.eu\/fr\/wp-json\/wp\/v2\/comments?post=1607"}],"version-history":[{"count":11,"href":"https:\/\/mediasupply.eu\/fr\/wp-json\/wp\/v2\/pages\/1607\/revisions"}],"predecessor-version":[{"id":2706,"href":"https:\/\/mediasupply.eu\/fr\/wp-json\/wp\/v2\/pages\/1607\/revisions\/2706"}],"wp:attachment":[{"href":"https:\/\/mediasupply.eu\/fr\/wp-json\/wp\/v2\/media?parent=1607"}],"curies":[{"name":"wp","href":"https:\/\/api.w.org\/{rel}","templated":true}]}}