{"id":1821,"date":"2022-08-15T19:36:00","date_gmt":"2022-08-15T17:36:00","guid":{"rendered":"https:\/\/mediasupply.zelantic.com\/jak-to-funkcjonuje\/"},"modified":"2026-02-09T08:18:26","modified_gmt":"2026-02-09T07:18:26","slug":"jak-to-funkcjonuje","status":"publish","type":"page","link":"https:\/\/mediasupply.eu\/pl\/jak-to-funkcjonuje\/","title":{"rendered":"Jak to funkcjonuje"},"content":{"rendered":"\t\t<div data-elementor-type=\"wp-page\" data-elementor-id=\"1821\" class=\"elementor elementor-1821 elementor-62\" data-elementor-post-type=\"page\">\n\t\t\t\t<div class=\"elementor-element elementor-element-f8aa732 e-flex e-con-boxed e-con e-parent\" data-id=\"f8aa732\" data-element_type=\"container\">\n\t\t\t\t\t<div class=\"e-con-inner\">\n\t\t\t\t<div class=\"elementor-element elementor-element-7106bcb elementor-widget elementor-widget-heading\" data-id=\"7106bcb\" data-element_type=\"widget\" data-widget_type=\"heading.default\">\n\t\t\t\t<div class=\"elementor-widget-container\">\n\t\t\t\t\t<h2 class=\"elementor-heading-title elementor-size-default\">\u0141atwe do wdro\u017cenia.<\/h2>\t\t\t\t<\/div>\n\t\t\t\t<\/div>\n\t\t\t\t<div class=\"elementor-element elementor-element-a8de21d elementor-widget elementor-widget-heading\" data-id=\"a8de21d\" data-element_type=\"widget\" data-widget_type=\"heading.default\">\n\t\t\t\t<div class=\"elementor-widget-container\">\n\t\t\t\t\t<h2 class=\"elementor-heading-title elementor-size-default\">Krok po kroku.<\/h2>\t\t\t\t<\/div>\n\t\t\t\t<\/div>\n\t\t\t\t\t<\/div>\n\t\t\t\t<\/div>\n\t\t<div class=\"elementor-element elementor-element-4bfa9ea e-flex e-con-boxed e-con e-parent\" data-id=\"4bfa9ea\" data-element_type=\"container\" data-settings=\"{&quot;background_background&quot;:&quot;classic&quot;}\">\n\t\t\t\t\t<div class=\"e-con-inner\">\n\t\t<div class=\"elementor-element elementor-element-260b016 e-con-full e-flex e-con e-child\" data-id=\"260b016\" data-element_type=\"container\">\n\t\t\t\t<div class=\"elementor-element elementor-element-7f8e160 elementor-widget elementor-widget-image\" data-id=\"7f8e160\" data-element_type=\"widget\" data-widget_type=\"image.default\">\n\t\t\t\t<div class=\"elementor-widget-container\">\n\t\t\t\t\t\t\t\t\t\t\t\t\t\t\t<img fetchpriority=\"high\" decoding=\"async\" width=\"300\" height=\"300\" src=\"https:\/\/mediasupply.eu\/wp-content\/uploads\/2022\/08\/testdatei-300x300.png\" class=\"attachment-medium size-medium wp-image-1788\" alt=\"\" srcset=\"https:\/\/mediasupply.eu\/wp-content\/uploads\/2022\/08\/testdatei-300x300.png 300w, https:\/\/mediasupply.eu\/wp-content\/uploads\/2022\/08\/testdatei-150x150.png 150w, https:\/\/mediasupply.eu\/wp-content\/uploads\/2022\/08\/testdatei.png 637w\" sizes=\"(max-width: 300px) 100vw, 300px\" \/>\t\t\t\t\t\t\t\t\t\t\t\t\t\t\t<\/div>\n\t\t\t\t<\/div>\n\t\t\t\t<div class=\"elementor-element elementor-element-5d474fe elementor-widget elementor-widget-heading\" data-id=\"5d474fe\" data-element_type=\"widget\" data-widget_type=\"heading.default\">\n\t\t\t\t<div class=\"elementor-widget-container\">\n\t\t\t\t\t<h5 class=\"elementor-heading-title elementor-size-default\">1.<\/h5>\t\t\t\t<\/div>\n\t\t\t\t<\/div>\n\t\t\t\t<div class=\"elementor-element elementor-element-2809a04 elementor-widget elementor-widget-text-editor\" data-id=\"2809a04\" data-element_type=\"widget\" data-widget_type=\"text-editor.default\">\n\t\t\t\t<div class=\"elementor-widget-container\">\n\t\t\t\t\t\t\t\t\t<p class=\"p1\">Zawieramy pisemn\u0105 umow\u0119.<\/p>\t\t\t\t\t\t\t\t<\/div>\n\t\t\t\t<\/div>\n\t\t\t\t<\/div>\n\t\t<div class=\"elementor-element elementor-element-a78d740 e-con-full e-flex e-con e-child\" data-id=\"a78d740\" data-element_type=\"container\">\n\t\t\t\t<div class=\"elementor-element elementor-element-28a2f3f elementor-widget elementor-widget-image\" data-id=\"28a2f3f\" data-element_type=\"widget\" data-widget_type=\"image.default\">\n\t\t\t\t<div class=\"elementor-widget-container\">\n\t\t\t\t\t\t\t\t\t\t\t\t\t\t\t<img decoding=\"async\" width=\"300\" height=\"300\" src=\"https:\/\/mediasupply.eu\/wp-content\/uploads\/2022\/08\/daten-300x300.png\" class=\"attachment-medium size-medium wp-image-1789\" alt=\"\" srcset=\"https:\/\/mediasupply.eu\/wp-content\/uploads\/2022\/08\/daten-300x300.png 300w, https:\/\/mediasupply.eu\/wp-content\/uploads\/2022\/08\/daten-150x150.png 150w, https:\/\/mediasupply.eu\/wp-content\/uploads\/2022\/08\/daten.png 637w\" sizes=\"(max-width: 300px) 100vw, 300px\" \/>\t\t\t\t\t\t\t\t\t\t\t\t\t\t\t<\/div>\n\t\t\t\t<\/div>\n\t\t\t\t<div class=\"elementor-element elementor-element-b2eb167 elementor-widget elementor-widget-heading\" data-id=\"b2eb167\" data-element_type=\"widget\" data-widget_type=\"heading.default\">\n\t\t\t\t<div class=\"elementor-widget-container\">\n\t\t\t\t\t<h5 class=\"elementor-heading-title elementor-size-default\">2.<\/h5>\t\t\t\t<\/div>\n\t\t\t\t<\/div>\n\t\t\t\t<div class=\"elementor-element elementor-element-9f8dba0 elementor-widget elementor-widget-text-editor\" data-id=\"9f8dba0\" data-element_type=\"widget\" data-widget_type=\"text-editor.default\">\n\t\t\t\t<div class=\"elementor-widget-container\">\n\t\t\t\t\t\t\t\t\t<p class=\"p1\">Nast\u0119pnie nast\u0119puje pe\u0142ny eksport dost\u0119pnych danych obrazowych, najlepiej za pomoc\u0105 FTP-Push \u2013 po uzgodnieniu r\u00f3wnie\u017c FTP-Pull.<\/p>\t\t\t\t\t\t\t\t<\/div>\n\t\t\t\t<\/div>\n\t\t\t\t<\/div>\n\t\t<div class=\"elementor-element elementor-element-9ed4e3b e-con-full e-flex e-con e-child\" data-id=\"9ed4e3b\" data-element_type=\"container\">\n\t\t\t\t<div class=\"elementor-element elementor-element-4202394 elementor-widget elementor-widget-image\" data-id=\"4202394\" data-element_type=\"widget\" data-widget_type=\"image.default\">\n\t\t\t\t<div class=\"elementor-widget-container\">\n\t\t\t\t\t\t\t\t\t\t\t\t\t\t\t<img decoding=\"async\" width=\"300\" height=\"300\" src=\"https:\/\/mediasupply.eu\/wp-content\/uploads\/2022\/08\/www-300x300.png\" class=\"attachment-medium size-medium wp-image-1790\" alt=\"\" srcset=\"https:\/\/mediasupply.eu\/wp-content\/uploads\/2022\/08\/www-300x300.png 300w, https:\/\/mediasupply.eu\/wp-content\/uploads\/2022\/08\/www-150x150.png 150w, https:\/\/mediasupply.eu\/wp-content\/uploads\/2022\/08\/www.png 637w\" sizes=\"(max-width: 300px) 100vw, 300px\" \/>\t\t\t\t\t\t\t\t\t\t\t\t\t\t\t<\/div>\n\t\t\t\t<\/div>\n\t\t\t\t<div class=\"elementor-element elementor-element-37f999d elementor-widget elementor-widget-heading\" data-id=\"37f999d\" data-element_type=\"widget\" data-widget_type=\"heading.default\">\n\t\t\t\t<div class=\"elementor-widget-container\">\n\t\t\t\t\t<h5 class=\"elementor-heading-title elementor-size-default\">3.<\/h5>\t\t\t\t<\/div>\n\t\t\t\t<\/div>\n\t\t\t\t<div class=\"elementor-element elementor-element-d0d1db4 elementor-widget elementor-widget-text-editor\" data-id=\"d0d1db4\" data-element_type=\"widget\" data-widget_type=\"text-editor.default\">\n\t\t\t\t<div class=\"elementor-widget-container\">\n\t\t\t\t\t\t\t\t\t<p class=\"p1\">Po udanym wgraniu danych na serwer Twojego sklepu internetowego mo\u017cesz natychmiast przyst\u0105pi\u0107 do dzia\u0142a\u0144 marketingowych.<\/p>\t\t\t\t\t\t\t\t<\/div>\n\t\t\t\t<\/div>\n\t\t\t\t<\/div>\n\t\t<div class=\"elementor-element elementor-element-1b0aca3 e-con-full e-flex e-con e-child\" data-id=\"1b0aca3\" data-element_type=\"container\">\n\t\t\t\t<div class=\"elementor-element elementor-element-30c1de0 elementor-widget elementor-widget-image\" data-id=\"30c1de0\" data-element_type=\"widget\" data-widget_type=\"image.default\">\n\t\t\t\t<div class=\"elementor-widget-container\">\n\t\t\t\t\t\t\t\t\t\t\t\t\t\t\t<img loading=\"lazy\" decoding=\"async\" width=\"300\" height=\"300\" src=\"https:\/\/mediasupply.eu\/wp-content\/uploads\/2022\/08\/update-300x300.png\" class=\"attachment-medium size-medium wp-image-1791\" alt=\"\" srcset=\"https:\/\/mediasupply.eu\/wp-content\/uploads\/2022\/08\/update-300x300.png 300w, https:\/\/mediasupply.eu\/wp-content\/uploads\/2022\/08\/update-150x150.png 150w, https:\/\/mediasupply.eu\/wp-content\/uploads\/2022\/08\/update.png 637w\" sizes=\"(max-width: 300px) 100vw, 300px\" \/>\t\t\t\t\t\t\t\t\t\t\t\t\t\t\t<\/div>\n\t\t\t\t<\/div>\n\t\t\t\t<div class=\"elementor-element elementor-element-c5fdabd elementor-widget elementor-widget-heading\" data-id=\"c5fdabd\" data-element_type=\"widget\" data-widget_type=\"heading.default\">\n\t\t\t\t<div class=\"elementor-widget-container\">\n\t\t\t\t\t<h5 class=\"elementor-heading-title elementor-size-default\">4.<\/h5>\t\t\t\t<\/div>\n\t\t\t\t<\/div>\n\t\t\t\t<div class=\"elementor-element elementor-element-3a65e39 elementor-widget elementor-widget-text-editor\" data-id=\"3a65e39\" data-element_type=\"widget\" data-widget_type=\"text-editor.default\">\n\t\t\t\t<div class=\"elementor-widget-container\">\n\t\t\t\t\t\t\t\t\t<p class=\"p1\">Na Tw\u00f3j serwer b\u0119d\u0105 wysy\u0142ane <b>codzienne aktualizacje<\/b>. Tw\u00f3j serwer FTP musi by\u0107 w zwi\u0105zku z tym zawsze dost\u0119pny.<span class=\"Apple-converted-space\"> <\/span><\/p>\t\t\t\t\t\t\t\t<\/div>\n\t\t\t\t<\/div>\n\t\t\t\t<\/div>\n\t\t\t\t\t<\/div>\n\t\t\t\t<\/div>\n\t\t<div class=\"elementor-element elementor-element-f661b29 e-flex e-con-boxed e-con e-parent\" data-id=\"f661b29\" data-element_type=\"container\">\n\t\t\t\t\t<div class=\"e-con-inner\">\n\t\t\t\t<div class=\"elementor-element elementor-element-1ff83e3 elementor-widget elementor-widget-heading\" data-id=\"1ff83e3\" data-element_type=\"widget\" data-widget_type=\"heading.default\">\n\t\t\t\t<div class=\"elementor-widget-container\">\n\t\t\t\t\t<h2 class=\"elementor-heading-title elementor-size-default\">Wybierz MediaSupply<\/h2>\t\t\t\t<\/div>\n\t\t\t\t<\/div>\n\t\t\t\t<div class=\"elementor-element elementor-element-120b591 elementor-widget elementor-widget-text-editor\" data-id=\"120b591\" data-element_type=\"widget\" data-widget_type=\"text-editor.default\">\n\t\t\t\t<div class=\"elementor-widget-container\">\n\t\t\t\t\t\t\t\t\t<p class=\"p1\">Skup si\u0119 na swojej dzia\u0142alno\u015bci i u\u017cywaj MediaSupply, aby poszerzy\u0107 i polepszy\u0107 gam\u0119 oferowanych produkt\u00f3w.<br><strong>S\u0142u\u017cymy porad\u0105!<\/strong><\/p>\t\t\t\t\t\t\t\t<\/div>\n\t\t\t\t<\/div>\n\t\t\t\t<div class=\"elementor-element elementor-element-fd21ce1 elementor-align-center elementor-widget elementor-widget-button\" data-id=\"fd21ce1\" data-element_type=\"widget\" data-widget_type=\"button.default\">\n\t\t\t\t<div class=\"elementor-widget-container\">\n\t\t\t\t\t\t\t\t\t<div class=\"elementor-button-wrapper\">\n\t\t\t\t\t<a class=\"elementor-button elementor-button-link elementor-size-sm\" href=\"https:\/\/mediasupply.eu\/pl\/kontakt\/\">\n\t\t\t\t\t\t<span class=\"elementor-button-content-wrapper\">\n\t\t\t\t\t\t\t\t\t<span class=\"elementor-button-text\">Skontaktuj si\u0119 z nami<\/span>\n\t\t\t\t\t<\/span>\n\t\t\t\t\t<\/a>\n\t\t\t\t<\/div>\n\t\t\t\t\t\t\t\t<\/div>\n\t\t\t\t<\/div>\n\t\t\t\t\t<\/div>\n\t\t\t\t<\/div>\n\t\t<div class=\"elementor-element elementor-element-4d9a858 e-flex e-con-boxed e-con e-parent\" data-id=\"4d9a858\" data-element_type=\"container\" data-settings=\"{&quot;background_background&quot;:&quot;classic&quot;}\">\n\t\t\t\t\t<div class=\"e-con-inner\">\n\t\t<div class=\"elementor-element elementor-element-cc02bfb e-con-full e-flex e-con e-child\" data-id=\"cc02bfb\" data-element_type=\"container\" data-settings=\"{&quot;background_background&quot;:&quot;classic&quot;}\">\n\t\t\t\t<div class=\"elementor-element elementor-element-55dc816 elementor-widget elementor-widget-heading\" data-id=\"55dc816\" data-element_type=\"widget\" data-widget_type=\"heading.default\">\n\t\t\t\t<div class=\"elementor-widget-container\">\n\t\t\t\t\t<h2 class=\"elementor-heading-title elementor-size-default\">Zwi\u0119kszenie obrot\u00f3w<\/h2>\t\t\t\t<\/div>\n\t\t\t\t<\/div>\n\t\t\t\t<div class=\"elementor-element elementor-element-3df2ee2 elementor-widget elementor-widget-text-editor\" data-id=\"3df2ee2\" data-element_type=\"widget\" data-widget_type=\"text-editor.default\">\n\t\t\t\t<div class=\"elementor-widget-container\">\n\t\t\t\t\t\t\t\t\t<p class=\"p1\">Polepszenie oferty Twoich produkt\u00f3w prze\u0142o\u017cy si\u0119 na znacz\u0105cy wzrost obrot\u00f3w<\/p>\t\t\t\t\t\t\t\t<\/div>\n\t\t\t\t<\/div>\n\t\t\t\t<div class=\"elementor-element elementor-element-c1d1428 elementor-widget elementor-widget-image\" data-id=\"c1d1428\" data-element_type=\"widget\" data-widget_type=\"image.default\">\n\t\t\t\t<div class=\"elementor-widget-container\">\n\t\t\t\t\t\t\t\t\t\t\t\t\t\t\t<img loading=\"lazy\" decoding=\"async\" width=\"1601\" height=\"1001\" src=\"https:\/\/mediasupply.eu\/wp-content\/uploads\/2022\/08\/Animation_Umsatz.gif\" class=\"attachment-full size-full wp-image-1792\" alt=\"\" \/>\t\t\t\t\t\t\t\t\t\t\t\t\t\t\t<\/div>\n\t\t\t\t<\/div>\n\t\t\t\t<\/div>\n\t\t<div class=\"elementor-element elementor-element-ffb7c6c e-con-full e-flex e-con e-child\" data-id=\"ffb7c6c\" data-element_type=\"container\" data-settings=\"{&quot;background_background&quot;:&quot;classic&quot;}\">\n\t\t\t\t<div class=\"elementor-element elementor-element-22ca7f2 elementor-widget elementor-widget-heading\" data-id=\"22ca7f2\" data-element_type=\"widget\" data-widget_type=\"heading.default\">\n\t\t\t\t<div class=\"elementor-widget-container\">\n\t\t\t\t\t<h2 class=\"elementor-heading-title elementor-size-default\">40 lat do\u015bwiadczenia w bran\u017cy.<\/h2>\t\t\t\t<\/div>\n\t\t\t\t<\/div>\n\t\t\t\t<div class=\"elementor-element elementor-element-7092978 elementor-widget elementor-widget-heading\" data-id=\"7092978\" data-element_type=\"widget\" data-widget_type=\"heading.default\">\n\t\t\t\t<div class=\"elementor-widget-container\">\n\t\t\t\t\t<h5 class=\"elementor-heading-title elementor-size-default\">Korzystaj z wiedzy\nnaszych specjalist\u00f3w produktu.<\/h5>\t\t\t\t<\/div>\n\t\t\t\t<\/div>\n\t\t\t\t<div class=\"elementor-element elementor-element-80e5b74 elementor-widget elementor-widget-text-editor\" data-id=\"80e5b74\" data-element_type=\"widget\" data-widget_type=\"text-editor.default\">\n\t\t\t\t<div class=\"elementor-widget-container\">\n\t\t\t\t\t\t\t\t\t<p class=\"p1\">Nasze 40 &#8211; letnie do\u015bwiadczenie wyr\u00f3\u017cnia nas na rynku. Bezustannie poszukujemy nowych produkt\u00f3w oraz nowych grup produkt\u00f3w, dzi\u0119ki czemu mo\u017cemy powi\u0119kszy\u0107 i uaktualni\u0107 Tw\u00f3j asortyment.<\/p>\t\t\t\t\t\t\t\t<\/div>\n\t\t\t\t<\/div>\n\t\t\t\t<\/div>\n\t\t\t\t\t<\/div>\n\t\t\t\t<\/div>\n\t\t\t\t<\/div>\n\t\t","protected":false},"excerpt":{"rendered":"<p>\u0141atwe do wdro\u017cenia. Krok po kroku. 1. Zawieramy pisemn\u0105 umow\u0119. 2. Nast\u0119pnie nast\u0119puje pe\u0142ny eksport dost\u0119pnych danych obrazowych, najlepiej za pomoc\u0105 FTP-Push \u2013 po uzgodnieniu r\u00f3wnie\u017c FTP-Pull. 3. Po udanym wgraniu danych na serwer Twojego sklepu internetowego mo\u017cesz natychmiast przyst\u0105pi\u0107 do dzia\u0142a\u0144 marketingowych. 4. Na Tw\u00f3j serwer b\u0119d\u0105 wysy\u0142ane codzienne aktualizacje. Tw\u00f3j serwer FTP musi [&hellip;]<\/p>\n","protected":false},"author":1,"featured_media":0,"parent":0,"menu_order":0,"comment_status":"closed","ping_status":"closed","template":"","meta":{"footnotes":""},"class_list":["post-1821","page","type-page","status-publish","hentry"],"_links":{"self":[{"href":"https:\/\/mediasupply.eu\/pl\/wp-json\/wp\/v2\/pages\/1821","targetHints":{"allow":["GET"]}}],"collection":[{"href":"https:\/\/mediasupply.eu\/pl\/wp-json\/wp\/v2\/pages"}],"about":[{"href":"https:\/\/mediasupply.eu\/pl\/wp-json\/wp\/v2\/types\/page"}],"author":[{"embeddable":true,"href":"https:\/\/mediasupply.eu\/pl\/wp-json\/wp\/v2\/users\/1"}],"replies":[{"embeddable":true,"href":"https:\/\/mediasupply.eu\/pl\/wp-json\/wp\/v2\/comments?post=1821"}],"version-history":[{"count":15,"href":"https:\/\/mediasupply.eu\/pl\/wp-json\/wp\/v2\/pages\/1821\/revisions"}],"predecessor-version":[{"id":3562,"href":"https:\/\/mediasupply.eu\/pl\/wp-json\/wp\/v2\/pages\/1821\/revisions\/3562"}],"wp:attachment":[{"href":"https:\/\/mediasupply.eu\/pl\/wp-json\/wp\/v2\/media?parent=1821"}],"curies":[{"name":"wp","href":"https:\/\/api.w.org\/{rel}","templated":true}]}}